{"id":113,"date":"2022-12-22T07:18:51","date_gmt":"2022-12-22T06:18:51","guid":{"rendered":"http:\/\/www.astro.cortesi.ch\/?page_id=113"},"modified":"2022-12-22T07:26:31","modified_gmt":"2022-12-22T06:26:31","slug":"lebensaufgaben","status":"publish","type":"page","link":"http:\/\/www.astro.cortesi.ch\/index.php\/persoenlichkeitsanalysen\/lebensaufgaben\/","title":{"rendered":"Lebensaufgaben"},"content":{"rendered":"\n<h4 class=\"wp-block-heading\">Schriftliche Pers\u00f6nlichkeitsanalyse &#8222;Sinn und Aufgaben Ihres Lebens&#8220;<\/h4>\n\n\n\n<p>Autorin: Anita Cortesi<\/p>\n\n\n\n<p>Eine karmische Pers\u00f6nlichkeits-Analyse ist die ausf\u00fchrliche Deutung der herausfordernden Themen des Geburtshoroskop. Sie beschreibt die schwierigeren Charaktermerkmale und Aufgaben im Leben.<br><br>Die karmische Pers\u00f6nlichkeits-Analyse ist eine Aufforderung zur Arbeit an sich selbst und eine Unterst\u00fctzung in schwierigen Lebenssituationen und Krisen.<br><br>Die karmische Pers\u00f6nlichkeits-Analyse gibt u.a. Antwort auf folgende Fragen:<\/p>\n\n\n\n<ul class=\"wp-block-list\">\n<li>Welches sind die wichtigsten Herausforderungen in Ihrem Leben?<\/li>\n\n\n\n<li>Was k\u00f6nnen Sie zu einem positiven Umgang beitragen?<\/li>\n\n\n\n<li>Wie zeigen sich diese ?<\/li>\n\n\n\n<li>In welchen Bereichen m\u00f6chten Sie sich verwirklichen?<\/li>\n\n\n\n<li>Welche Talente haben Sie und wie k\u00f6nnen Sie diese einsetzen?<\/li>\n\n\n\n<li>Welche Schw\u00e4chen haben Sie und wie k\u00f6nnen Sie ihnen begegnen?<\/li>\n<\/ul>\n\n\n\n<p>Die Pers\u00f6nlichkeits-Analyse gibt keine Antwort auf Fragen wie:<\/p>\n\n\n\n<ul class=\"wp-block-list\">\n<li>Haben Sie Gl\u00fcck oder Ungl\u00fcck im Leben?<\/li>\n\n\n\n<li>Was ist die richtige Entscheidung?<\/li>\n\n\n\n<li>Wann finden Sie den richtigen Partner, Job usw.?<\/li>\n<\/ul>\n\n\n\n<p><a href=\"http:\/\/www.astro.cortesi.ch\/wp-content\/uploads\/2022\/12\/Lebensaufgaben.pdf\" data-type=\"attachment\" data-id=\"85\">Musteranalyse Lebensaufgaben<\/a><\/p>\n\n\n\n<div style=\"height:20px\" aria-hidden=\"true\" class=\"wp-block-spacer\"><\/div>\n\n\n\n<div class=\"wp-block-contact-form-7-contact-form-selector form-hintergrund\">\n<div class=\"wpcf7 no-js\" id=\"wpcf7-f115-o1\" lang=\"en-US\" dir=\"ltr\">\n<div class=\"screen-reader-response\"><p role=\"status\" aria-live=\"polite\" aria-atomic=\"true\"><\/p> <ul><\/ul><\/div>\n<form action=\"\/index.php\/wp-json\/wp\/v2\/pages\/113#wpcf7-f115-o1\" method=\"post\" class=\"wpcf7-form init\" aria-label=\"Contact form\" novalidate=\"novalidate\" data-status=\"init\">\n<div style=\"display: none;\">\n<input type=\"hidden\" name=\"_wpcf7\" value=\"115\" \/>\n<input type=\"hidden\" name=\"_wpcf7_version\" value=\"5.7.4\" \/>\n<input type=\"hidden\" name=\"_wpcf7_locale\" value=\"en_US\" \/>\n<input type=\"hidden\" name=\"_wpcf7_unit_tag\" value=\"wpcf7-f115-o1\" \/>\n<input type=\"hidden\" name=\"_wpcf7_container_post\" value=\"0\" \/>\n<input type=\"hidden\" name=\"_wpcf7_posted_data_hash\" value=\"\" \/>\n<\/div>\n<p><label> Hier bestellen Sie eine schriftliche Pers\u00f6nlichkeitsanalyse (pdf) <span class=\"wpcf7-form-control-wrap\" data-name=\"your-subject\"><input size=\"40\" class=\"wpcf7-form-control wpcf7-text wpcf7-validates-as-required\" aria-required=\"true\" aria-invalid=\"false\" value=\"Lebensaufgaben\" type=\"text\" name=\"your-subject\" \/><\/span> <\/label>\n<\/p>\n<p><label> f\u00fcr Euro\/CHF 25.- <\/label>\n<\/p>\n<p><label> f\u00fcr <\/label>\n<\/p>\n<p><label> Vorname, Nachname<br \/>\n<span class=\"wpcf7-form-control-wrap\" data-name=\"first-name\"><input size=\"40\" class=\"wpcf7-form-control wpcf7-text wpcf7-validates-as-required\" aria-required=\"true\" aria-invalid=\"false\" value=\"\" type=\"text\" name=\"first-name\" \/><\/span> <\/label>\n<\/p>\n<use-label-element>\n\t<p><span class=\"wpcf7-form-control-wrap\" data-name=\"radio-sex\"><span class=\"wpcf7-form-control wpcf7-radio\"><span class=\"wpcf7-list-item first\"><label><input type=\"radio\" name=\"radio-sex\" value=\"Mann\" \/><span class=\"wpcf7-list-item-label\">Mann<\/span><\/label><\/span><span class=\"wpcf7-list-item last\"><label><input type=\"radio\" name=\"radio-sex\" value=\"Frau\" \/><span class=\"wpcf7-list-item-label\">Frau<\/span><\/label><\/span><\/span><\/span>\n\t<\/p>\n<\/use-label-element>\n<p><label> Geburtsdatum (TT.MM.JJJJ)<br \/>\n<span class=\"wpcf7-form-control-wrap\" data-name=\"birth-date\"><input class=\"wpcf7-form-control wpcf7-date wpcf7-validates-as-required wpcf7-validates-as-date\" aria-required=\"true\" aria-invalid=\"false\" value=\"TT.MM.JJJJ\" type=\"date\" name=\"birth-date\" \/><\/span> <\/label>\n<\/p>\n<p><label> Geburtszeit (Stunden:Minuten) <\/label><br \/>\n<span class=\"wpcf7-form-control-wrap\" data-name=\"number-hour\"><input class=\"wpcf7-form-control wpcf7-number wpcf7-validates-as-required wpcf7-validates-as-number\" min=\"0\" max=\"23\" aria-required=\"true\" aria-invalid=\"false\" placeholder=\"00\" value=\"\" type=\"number\" name=\"number-hour\" \/><\/span><span class=\"wpcf7-form-control-wrap\" data-name=\"number-min\"><input class=\"wpcf7-form-control wpcf7-number wpcf7-validates-as-required wpcf7-validates-as-number\" min=\"0\" max=\"59\" aria-required=\"true\" aria-invalid=\"false\" placeholder=\"00\" value=\"\" type=\"number\" name=\"number-min\" \/><\/span>\n<\/p>\n<p><label> Geburtsort und Staat<br \/>\n<span class=\"wpcf7-form-control-wrap\" data-name=\"birth-place\"><input size=\"40\" class=\"wpcf7-form-control wpcf7-text wpcf7-validates-as-required\" aria-required=\"true\" aria-invalid=\"false\" value=\"\" type=\"text\" name=\"birth-place\" \/><\/span> <\/label>\n<\/p>\n<p><label> <span class=\"wpcf7-form-control-wrap\" data-name=\"chart\"><span class=\"wpcf7-form-control wpcf7-checkbox\"><span class=\"wpcf7-list-item first last\"><input type=\"checkbox\" name=\"chart[]\" value=\"Horoskopzeichnung zus\u00e4tzlich sFr\/\u20ac 5.-\" \/><span class=\"wpcf7-list-item-label\">Horoskopzeichnung zus\u00e4tzlich sFr\/\u20ac 5.-<\/span><\/span><\/span><\/span> <\/label>\n<\/p>\n<p><label> --- <\/label>\n<\/p>\n<p><label> Analyse und Rechnung gehen an: <\/label><br \/>\n<span class=\"wpcf7-form-control-wrap\" data-name=\"user-name\"><input size=\"40\" class=\"wpcf7-form-control wpcf7-text wpcf7-validates-as-required\" aria-required=\"true\" aria-invalid=\"false\" placeholder=\"Vorname, Nachname\" value=\"\" type=\"text\" name=\"user-name\" \/><\/span><br \/>\n<span class=\"wpcf7-form-control-wrap\" data-name=\"user-street\"><input size=\"40\" class=\"wpcf7-form-control wpcf7-text\" aria-invalid=\"false\" placeholder=\"Strasse, Nr\" value=\"\" type=\"text\" name=\"user-street\" \/><\/span><br \/>\n<span class=\"wpcf7-form-control-wrap\" data-name=\"user-city\"><input size=\"40\" class=\"wpcf7-form-control wpcf7-text\" aria-invalid=\"false\" placeholder=\"PLZ, Ort, Staat\" value=\"\" type=\"text\" name=\"user-city\" \/><\/span><br \/>\n<span class=\"wpcf7-form-control-wrap\" data-name=\"your-email\"><input size=\"40\" class=\"wpcf7-form-control wpcf7-text wpcf7-email wpcf7-validates-as-required wpcf7-validates-as-email\" aria-required=\"true\" aria-invalid=\"false\" placeholder=\"E-Mail\" value=\"\" type=\"email\" name=\"your-email\" \/><\/span>\n<\/p>\n<p><input class=\"wpcf7-form-control has-spinner wpcf7-submit\" type=\"submit\" value=\"Senden\" \/>\n<\/p><div class=\"wpcf7-response-output\" aria-hidden=\"true\"><\/div>\n<\/form>\n<\/div>\n<\/div>\n","protected":false},"excerpt":{"rendered":"<p>Schriftliche Pers\u00f6nlichkeitsanalyse &#8222;Sinn und Aufgaben Ihres Lebens&#8220; Autorin: Anita Cortesi Eine karmische Pers\u00f6nlichkeits-Analyse ist die ausf\u00fchrliche Deutung der herausfordernden Themen des Geburtshoroskop. Sie beschreibt die schwierigeren Charaktermerkmale und Aufgaben im Leben. Die karmische Pers\u00f6nlichkeits-Analyse ist eine Aufforderung zur Arbeit an sich selbst und eine Unterst\u00fctzung in schwierigen Lebenssituationen und Krisen. Die karmische Pers\u00f6nlichkeits-Analyse gibt u.a. [&hellip;]<\/p>\n","protected":false},"author":1,"featured_media":0,"parent":41,"menu_order":0,"comment_status":"closed","ping_status":"closed","template":"","meta":{"footnotes":""},"class_list":["post-113","page","type-page","status-publish","hentry"],"_links":{"self":[{"href":"http:\/\/www.astro.cortesi.ch\/index.php\/wp-json\/wp\/v2\/pages\/113","targetHints":{"allow":["GET"]}}],"collection":[{"href":"http:\/\/www.astro.cortesi.ch\/index.php\/wp-json\/wp\/v2\/pages"}],"about":[{"href":"http:\/\/www.astro.cortesi.ch\/index.php\/wp-json\/wp\/v2\/types\/page"}],"author":[{"embeddable":true,"href":"http:\/\/www.astro.cortesi.ch\/index.php\/wp-json\/wp\/v2\/users\/1"}],"replies":[{"embeddable":true,"href":"http:\/\/www.astro.cortesi.ch\/index.php\/wp-json\/wp\/v2\/comments?post=113"}],"version-history":[{"count":3,"href":"http:\/\/www.astro.cortesi.ch\/index.php\/wp-json\/wp\/v2\/pages\/113\/revisions"}],"predecessor-version":[{"id":118,"href":"http:\/\/www.astro.cortesi.ch\/index.php\/wp-json\/wp\/v2\/pages\/113\/revisions\/118"}],"up":[{"embeddable":true,"href":"http:\/\/www.astro.cortesi.ch\/index.php\/wp-json\/wp\/v2\/pages\/41"}],"wp:attachment":[{"href":"http:\/\/www.astro.cortesi.ch\/index.php\/wp-json\/wp\/v2\/media?parent=113"}],"curies":[{"name":"wp","href":"https:\/\/api.w.org\/{rel}","templated":true}]}}