{"id":154,"date":"2022-12-26T08:27:20","date_gmt":"2022-12-26T07:27:20","guid":{"rendered":"http:\/\/www.astro.cortesi.ch\/?page_id=154"},"modified":"2022-12-26T08:27:20","modified_gmt":"2022-12-26T07:27:20","slug":"solar","status":"publish","type":"page","link":"http:\/\/www.astro.cortesi.ch\/index.php\/persoenlichkeitsanalysen\/solar\/","title":{"rendered":"Solar"},"content":{"rendered":"\n<p>Geburtstagshoroskop mit aktuellen Themen des n\u00e4chsten Lebensjahres<\/p>\n\n\n\n<p>Autorin: Anita Cortesi<\/p>\n\n\n\n<p>Das Solarhoroskop ist ein Geburtstagshoroskop, das die wichtigsten Themen des kommenden Jahres beschreibt. Sie umspannt einen Zeitraum von Geburtstag zu Geburtstag und beinhaltet ca. 20 Seiten.<br><br>Das Solarhoroskop zeigt, wie Sie im kommenden Jahr Ihr Potential am besten zum Ausdruck bringen k\u00f6nnen. Es zeigt, welche Lebensbereiche besonders im Brennpunkt stehen. Dieses Wissen erm\u00f6glicht es Ihnen, sich vorzubereiten und Ihr Leben entsprechend zu planen. Sie k\u00f6nnen den angesagten Themen kaum ausweichen, aber Sie k\u00f6nnen aus einer breiten Palette von M\u00f6glichkeiten w\u00e4hlen, wie Sie die kommenden Herausforderungen in Ihr Leben integrieren m\u00f6chten.<br><br>Die Solar-Analyse ist in f\u00fcnf Abschnitte gegliedert:<\/p>\n\n\n\n<ol class=\"wp-block-list\" type=\"1\" start=\"1\">\n<li>Pers\u00f6nliche Ausdrucksformen in diesem Jahr<\/li>\n\n\n\n<li>Soziale, berufliche und gesellschaftliche Tendenzen in diesem Jahr<\/li>\n\n\n\n<li>Der Bereich, der sich in diesem Jahr f\u00fcr Ihre Selbstverwirklichung anbietet<\/li>\n\n\n\n<li>Wichtige Themen, die die Stimmung in diesem Jahr vorgeben<\/li>\n\n\n\n<li>Die Lernaufgabe dieses Jahres<\/li>\n<\/ol>\n\n\n\n<p>Die Solaranalyse gibt keine Antwort auf Fragen wie:<\/p>\n\n\n\n<ul class=\"wp-block-list\">\n<li>Wann treffen Sie den richtigen Partner?<\/li>\n\n\n\n<li>Wie gesund sind Sie in diesem Jahr?<\/li>\n\n\n\n<li>Werden Sie den Job, die Gehaltserh\u00f6hung, das Haus usw. erhalten?<\/li>\n<\/ul>\n\n\n\n<p>Das Jahreshoroskop ist keine Prognose von konkreten Ereignissen, die in dieser Zeitperiode auf Sie warten. W\u00fcrde das tats\u00e4chliche Geschehen in den Sternen stehen, w\u00e4ren Sie nichts weiter als ein Spielball des Schicksals. Gl\u00fccklicherweise hat die Astrologie Grenzen. Sie vermag Stimmungen und Erfahrungen zu beschreiben, aber keine konkreten Vorkommnisse vorauszusagen. Ihr Leben gestalten Sie mit Ihrem freien Willen.<\/p>\n\n\n\n<p>Das Solarhoroskop beschreibt \u00e4hnlich wie\u00a0Jahreshoroskop\u00a0und\u00a0Monatshoroskop\u00a0die aktuellen Themen. Der Unterschied:<\/p>\n\n\n\n<ul class=\"wp-block-list\">\n<li>Das Solarhoroskop beschreibt tendenziell mehr die Lebensb\u00fchne. Es beschr\u00e4nkt sich auf die wichtigsten, das ganze Jahr aktuelle Themen.<\/li>\n\n\n\n<li>Das Jahreshoroskop beschreibt tendenziell mehr das innere Erleben. Es beschreibt auch Themen, die nur k\u00fcrzere Zeit aktuell sind.<\/li>\n\n\n\n<li>Das Monatshoroskop ist gleich aufgebaut wie das Jahreshoroskop, geht aber weit mehr ins Detail und beschreibt neben den lange anhaltenden Themen auch Stimmungen und Vorlieben einzelner Tage.<\/li>\n<\/ul>\n\n\n\n<p><a href=\"http:\/\/www.astro.cortesi.ch\/wp-content\/uploads\/2022\/12\/Solar.pdf\" data-type=\"attachment\" data-id=\"89\">Beispiel einer Solaranalyse<\/a><\/p>\n\n\n\n<div style=\"height:10px\" aria-hidden=\"true\" class=\"wp-block-spacer\"><\/div>\n\n\n\n<div class=\"wp-block-contact-form-7-contact-form-selector form-hintergrund\">\n<div class=\"wpcf7 no-js\" id=\"wpcf7-f147-o1\" lang=\"en-US\" dir=\"ltr\">\n<div class=\"screen-reader-response\"><p role=\"status\" aria-live=\"polite\" aria-atomic=\"true\"><\/p> <ul><\/ul><\/div>\n<form action=\"\/index.php\/wp-json\/wp\/v2\/pages\/154#wpcf7-f147-o1\" method=\"post\" class=\"wpcf7-form init\" aria-label=\"Contact form\" novalidate=\"novalidate\" data-status=\"init\">\n<div style=\"display: none;\">\n<input type=\"hidden\" name=\"_wpcf7\" value=\"147\" \/>\n<input type=\"hidden\" name=\"_wpcf7_version\" value=\"5.7.4\" \/>\n<input type=\"hidden\" name=\"_wpcf7_locale\" value=\"en_US\" \/>\n<input type=\"hidden\" name=\"_wpcf7_unit_tag\" value=\"wpcf7-f147-o1\" \/>\n<input type=\"hidden\" name=\"_wpcf7_container_post\" value=\"0\" \/>\n<input type=\"hidden\" name=\"_wpcf7_posted_data_hash\" value=\"\" \/>\n<\/div>\n<p><label> Hier bestellen Sie eine schriftliche Jahresanalyse (pdf) <span class=\"wpcf7-form-control-wrap\" data-name=\"your-subject\"><input size=\"40\" class=\"wpcf7-form-control wpcf7-text wpcf7-validates-as-required\" aria-required=\"true\" aria-invalid=\"false\" value=\"Solar\" type=\"text\" name=\"your-subject\" \/><\/span> <\/label>\n<\/p>\n<p><label> f\u00fcr Euro\/CHF 25.- <\/label>\n<\/p>\n<p><label> f\u00fcr <\/label>\n<\/p>\n<p><label> Vorname, Nachname<br \/>\n<span class=\"wpcf7-form-control-wrap\" data-name=\"first-name\"><input size=\"40\" class=\"wpcf7-form-control wpcf7-text wpcf7-validates-as-required\" aria-required=\"true\" aria-invalid=\"false\" value=\"\" type=\"text\" name=\"first-name\" \/><\/span> <\/label>\n<\/p>\n<use-label-element>\n\t<p><span class=\"wpcf7-form-control-wrap\" data-name=\"radio-sex\"><span class=\"wpcf7-form-control wpcf7-radio\"><span class=\"wpcf7-list-item first\"><label><input type=\"radio\" name=\"radio-sex\" value=\"Mann\" \/><span class=\"wpcf7-list-item-label\">Mann<\/span><\/label><\/span><span class=\"wpcf7-list-item last\"><label><input type=\"radio\" name=\"radio-sex\" value=\"Frau\" \/><span class=\"wpcf7-list-item-label\">Frau<\/span><\/label><\/span><\/span><\/span>\n\t<\/p>\n<\/use-label-element>\n<p><label> Geburtsdatum (TT.MM.JJJJ)<br \/>\n<span class=\"wpcf7-form-control-wrap\" data-name=\"birth-date\"><input class=\"wpcf7-form-control wpcf7-date wpcf7-validates-as-required wpcf7-validates-as-date\" aria-required=\"true\" aria-invalid=\"false\" value=\"TT.MM.JJJJ\" type=\"date\" name=\"birth-date\" \/><\/span> <\/label>\n<\/p>\n<p><label> Geburtszeit (Stunden:Minuten) <\/label><br \/>\n<span class=\"wpcf7-form-control-wrap\" data-name=\"number-hour\"><input class=\"wpcf7-form-control wpcf7-number wpcf7-validates-as-required wpcf7-validates-as-number\" min=\"0\" max=\"23\" aria-required=\"true\" aria-invalid=\"false\" placeholder=\"00\" value=\"\" type=\"number\" name=\"number-hour\" \/><\/span><span class=\"wpcf7-form-control-wrap\" data-name=\"number-min\"><input class=\"wpcf7-form-control wpcf7-number wpcf7-validates-as-required wpcf7-validates-as-number\" min=\"0\" max=\"59\" aria-required=\"true\" aria-invalid=\"false\" placeholder=\"00\" value=\"\" type=\"number\" name=\"number-min\" \/><\/span>\n<\/p>\n<p><label> Geburtsort und Staat<br \/>\n<span class=\"wpcf7-form-control-wrap\" data-name=\"birth-place\"><input size=\"40\" class=\"wpcf7-form-control wpcf7-text wpcf7-validates-as-required\" aria-required=\"true\" aria-invalid=\"false\" value=\"\" type=\"text\" name=\"birth-place\" \/><\/span> <\/label>\n<\/p>\n<p><label> Solarhoroskop f\u00fcr ein Jahr ab dem Geburtstag im Jahr <span class=\"wpcf7-form-control-wrap\" data-name=\"solar-year\"><input class=\"wpcf7-form-control wpcf7-number wpcf7-validates-as-required wpcf7-validates-as-number\" aria-required=\"true\" aria-invalid=\"false\" value=\"\" type=\"number\" name=\"solar-year\" \/><\/span> <\/label><br \/>\n<label> Aufenthaltsort am Geburtstag<br \/>\n<span class=\"wpcf7-form-control-wrap\" data-name=\"solar-place\"><input size=\"40\" class=\"wpcf7-form-control wpcf7-text wpcf7-validates-as-required\" aria-required=\"true\" aria-invalid=\"false\" value=\"\" type=\"text\" name=\"solar-place\" \/><\/span> <\/label>\n<\/p>\n<p><label\n\n<label> <span class=\"wpcf7-form-control-wrap\" data-name=\"chart\"><span class=\"wpcf7-form-control wpcf7-checkbox\"><span class=\"wpcf7-list-item first last\"><input type=\"checkbox\" name=\"chart[]\" value=\"Horoskopzeichnung zus\u00e4tzlich sFr\/\u20ac 5.-\" \/><span class=\"wpcf7-list-item-label\">Horoskopzeichnung zus\u00e4tzlich sFr\/\u20ac 5.-<\/span><\/span><\/span><\/span> <\/label>\n<\/p>\n<p><label> --- <\/label>\n<\/p>\n<p><label> Analyse und Rechnung gehen an: <\/label><br \/>\n<span class=\"wpcf7-form-control-wrap\" data-name=\"user-name\"><input size=\"40\" class=\"wpcf7-form-control wpcf7-text wpcf7-validates-as-required\" aria-required=\"true\" aria-invalid=\"false\" placeholder=\"Vorname, Nachname\" value=\"\" type=\"text\" name=\"user-name\" \/><\/span><br \/>\n<span class=\"wpcf7-form-control-wrap\" data-name=\"user-street\"><input size=\"40\" class=\"wpcf7-form-control wpcf7-text\" aria-invalid=\"false\" placeholder=\"Strasse, Nr\" value=\"\" type=\"text\" name=\"user-street\" \/><\/span><br \/>\n<span class=\"wpcf7-form-control-wrap\" data-name=\"user-city\"><input size=\"40\" class=\"wpcf7-form-control wpcf7-text\" aria-invalid=\"false\" placeholder=\"PLZ, Ort, Staat\" value=\"\" type=\"text\" name=\"user-city\" \/><\/span><br \/>\n<span class=\"wpcf7-form-control-wrap\" data-name=\"your-email\"><input size=\"40\" class=\"wpcf7-form-control wpcf7-text wpcf7-email wpcf7-validates-as-required wpcf7-validates-as-email\" aria-required=\"true\" aria-invalid=\"false\" placeholder=\"E-Mail\" value=\"\" type=\"email\" name=\"your-email\" \/><\/span>\n<\/p>\n<p><input class=\"wpcf7-form-control has-spinner wpcf7-submit\" type=\"submit\" value=\"Senden\" \/>\n<\/p><div class=\"wpcf7-response-output\" aria-hidden=\"true\"><\/div>\n<\/form>\n<\/div>\n<\/div>\n","protected":false},"excerpt":{"rendered":"<p>Geburtstagshoroskop mit aktuellen Themen des n\u00e4chsten Lebensjahres Autorin: Anita Cortesi Das Solarhoroskop ist ein Geburtstagshoroskop, das die wichtigsten Themen des kommenden Jahres beschreibt. Sie umspannt einen Zeitraum von Geburtstag zu Geburtstag und beinhaltet ca. 20 Seiten. Das Solarhoroskop zeigt, wie Sie im kommenden Jahr Ihr Potential am besten zum Ausdruck bringen k\u00f6nnen. Es zeigt, welche [&hellip;]<\/p>\n","protected":false},"author":1,"featured_media":0,"parent":41,"menu_order":0,"comment_status":"closed","ping_status":"closed","template":"","meta":{"footnotes":""},"class_list":["post-154","page","type-page","status-publish","hentry"],"_links":{"self":[{"href":"http:\/\/www.astro.cortesi.ch\/index.php\/wp-json\/wp\/v2\/pages\/154","targetHints":{"allow":["GET"]}}],"collection":[{"href":"http:\/\/www.astro.cortesi.ch\/index.php\/wp-json\/wp\/v2\/pages"}],"about":[{"href":"http:\/\/www.astro.cortesi.ch\/index.php\/wp-json\/wp\/v2\/types\/page"}],"author":[{"embeddable":true,"href":"http:\/\/www.astro.cortesi.ch\/index.php\/wp-json\/wp\/v2\/users\/1"}],"replies":[{"embeddable":true,"href":"http:\/\/www.astro.cortesi.ch\/index.php\/wp-json\/wp\/v2\/comments?post=154"}],"version-history":[{"count":1,"href":"http:\/\/www.astro.cortesi.ch\/index.php\/wp-json\/wp\/v2\/pages\/154\/revisions"}],"predecessor-version":[{"id":155,"href":"http:\/\/www.astro.cortesi.ch\/index.php\/wp-json\/wp\/v2\/pages\/154\/revisions\/155"}],"up":[{"embeddable":true,"href":"http:\/\/www.astro.cortesi.ch\/index.php\/wp-json\/wp\/v2\/pages\/41"}],"wp:attachment":[{"href":"http:\/\/www.astro.cortesi.ch\/index.php\/wp-json\/wp\/v2\/media?parent=154"}],"curies":[{"name":"wp","href":"https:\/\/api.w.org\/{rel}","templated":true}]}}