{"id":160,"date":"2022-12-26T09:15:45","date_gmt":"2022-12-26T08:15:45","guid":{"rendered":"http:\/\/www.astro.cortesi.ch\/?page_id=160"},"modified":"2022-12-26T09:15:45","modified_gmt":"2022-12-26T08:15:45","slug":"12-monatshoroskope","status":"publish","type":"page","link":"http:\/\/www.astro.cortesi.ch\/index.php\/persoenlichkeitsanalysen\/12-monatshoroskope\/","title":{"rendered":"12 Monatshoroskope"},"content":{"rendered":"\n<p>Autorin: Anita Cortesi<\/p>\n\n\n\n<h5 class=\"wp-block-heading\">Jahresabo f\u00fcr 12 Monatshoroskope ab beliebigem Monat, die Sie jeden Monat als PDF-Datei per e-Mail erhalten<\/h5>\n\n\n\n<p>Die Monatshoroskope sind individuelle astrologische Analysen, welche die Themen beschreiben, die innerhalb eines von Ihnen gew\u00fcnschten Jahres f\u00fcr Sie aktuell sind oder sein werden. Durch bessere Kenntnis der eigenen Veranlagung, der wechselnden Vorlieben, Impulse und Hemmschwellen treten Sie der Umwelt innerlich vorbereitet gegen\u00fcber und k\u00f6nnen Ihre Chancen besser nutzen. Die Monatshoroskope helfen Ihnen, Ihre Gegenwart und Zukunft bewusst zu gestalten.<br><br>Die Monatsanalysen geben unter anderem Antwort auf folgende Fragen:<\/p>\n\n\n\n<ul class=\"wp-block-list\">\n<li>Steht in diesem Jahr Ihre Beziehung im Zentrum Ihrer Aufmerksamkeit, geht es haupts\u00e4chlich um Wohlbefinden und Privatleben oder mehr um eine aktive Phase in Beruf und Aussenwelt?<\/li>\n\n\n\n<li>Welche Lebenserfahrungen und Grundstimmungen werden f\u00fcr Sie zu welcher Zeit wichtig?<\/li>\n\n\n\n<li>Verf\u00fcgen Sie \u00fcber gen\u00fcgend Energie, um eine berufliche Herausforderung anzunehmen, oder stehen Sie in einer ruhigeren Lebensphase?<\/li>\n\n\n\n<li>Sind Ver\u00e4nderungen in Ihrem Leben angesagt oder geht es mehr darum, dass Sie das Bestehende weiterf\u00fchren?<\/li>\n\n\n\n<li>Werden Sie \u00fcberwiegend in konkreten Bereichen wie Alltag, Partnerschaft, Beruf usw. gefordert oder bringt Ihnen diese Zeit eine Auseinandersetzung mit inneren Werten, mit Ihren Idealen, Ihrer Weltanschauung, Ihren Hoffnungen und Zielen?<\/li>\n<\/ul>\n\n\n\n<p>Die Monatsanalysen geben keine Antwort auf Fragen wie:<\/p>\n\n\n\n<ul class=\"wp-block-list\">\n<li>Wann treffen Sie den richtigen Partner?<\/li>\n\n\n\n<li>Wie gesund sind Sie?<\/li>\n\n\n\n<li>Werden Sie den Job, die Gehaltserh\u00f6hung, das Haus usw. erhalten?<\/li>\n<\/ul>\n\n\n\n<p>Die Monatshoroskope sind keine Prognose von konkreten Ereignissen, die in dieser Zeitperiode auf Sie warten. W\u00fcrde das tats\u00e4chliche Geschehen in den Sternen stehen, w\u00e4ren Sie nichts weiter als ein Spielball des Schicksals. Gl\u00fccklicherweise hat die Astrologie Grenzen. Sie vermag Stimmungen und Erfahrungen zu beschreiben, aber keine konkreten Vorkommnisse vorauszusagen. Ihr Leben gestalten Sie mit Ihrem freien Willen<\/p>\n\n\n\n<p>Die Monatshoroskope\u00a0beschreiben\u00a0\u00e4hnlich wie\u00a0Jahreshoroskop\u00a0und\u00a0Solarhoroskop\u00a0die aktuellen Themen. Der Unterschied:<\/p>\n\n\n\n<ul class=\"wp-block-list\">\n<li>Das Solarhoroskop beschreibt tendenziell mehr die Lebensb\u00fchne. Es beschr\u00e4nkt sich auf die wichtigsten, das ganze Jahr aktuelle Themen.<\/li>\n\n\n\n<li>Das Jahreshoroskop beschreibt tendenziell mehr das innere Erleben. Es beschreibt auch Themen, die nur k\u00fcrzere Zeit aktuell sind.<\/li>\n\n\n\n<li>Das Monatshoroskop ist gleich aufgebaut wie das Jahreshoroskop, geht aber weit mehr ins Detail und beschreibt neben den lange anhaltenden Themen auch Stimmungen und Vorlieben einzelner Tage.<\/li>\n<\/ul>\n\n\n\n<p><a href=\"http:\/\/www.astro.cortesi.ch\/wp-content\/uploads\/2022\/12\/Monatsanalyse.pdf\" data-type=\"attachment\" data-id=\"86\">Beispiel eines Monatshoroskops<\/a><\/p>\n\n\n\n<div style=\"height:10px\" aria-hidden=\"true\" class=\"wp-block-spacer\"><\/div>\n\n\n\n<div class=\"wp-block-contact-form-7-contact-form-selector form-hintergrund\">\n<div class=\"wpcf7 no-js\" id=\"wpcf7-f159-o1\" lang=\"en-US\" dir=\"ltr\">\n<div class=\"screen-reader-response\"><p role=\"status\" aria-live=\"polite\" aria-atomic=\"true\"><\/p> <ul><\/ul><\/div>\n<form action=\"\/index.php\/wp-json\/wp\/v2\/pages\/160#wpcf7-f159-o1\" method=\"post\" class=\"wpcf7-form init\" aria-label=\"Contact form\" novalidate=\"novalidate\" data-status=\"init\">\n<div style=\"display: none;\">\n<input type=\"hidden\" name=\"_wpcf7\" value=\"159\" \/>\n<input type=\"hidden\" name=\"_wpcf7_version\" value=\"5.7.4\" \/>\n<input type=\"hidden\" name=\"_wpcf7_locale\" value=\"en_US\" \/>\n<input type=\"hidden\" name=\"_wpcf7_unit_tag\" value=\"wpcf7-f159-o1\" \/>\n<input type=\"hidden\" name=\"_wpcf7_container_post\" value=\"0\" \/>\n<input type=\"hidden\" name=\"_wpcf7_posted_data_hash\" value=\"\" \/>\n<\/div>\n<p><label> Hier bestellen Sie 12 schriftliche Monatshoroskope (pdf, jeden Monat per Mail zugestellt) <span class=\"wpcf7-form-control-wrap\" data-name=\"your-subject\"><input size=\"40\" class=\"wpcf7-form-control wpcf7-text wpcf7-validates-as-required\" aria-required=\"true\" aria-invalid=\"false\" value=\"12 Monatshoroskope\" type=\"text\" name=\"your-subject\" \/><\/span> <\/label>\n<\/p>\n<p><label> f\u00fcr Euro\/CHF 96.- <\/label>\n<\/p>\n<p><label> f\u00fcr <\/label>\n<\/p>\n<p><label> Vorname, Nachname<br \/>\n<span class=\"wpcf7-form-control-wrap\" data-name=\"first-name\"><input size=\"40\" class=\"wpcf7-form-control wpcf7-text wpcf7-validates-as-required\" aria-required=\"true\" aria-invalid=\"false\" value=\"\" type=\"text\" name=\"first-name\" \/><\/span> <\/label>\n<\/p>\n<use-label-element>\n\t<p><span class=\"wpcf7-form-control-wrap\" data-name=\"radio-sex\"><span class=\"wpcf7-form-control wpcf7-radio\"><span class=\"wpcf7-list-item first\"><label><input type=\"radio\" name=\"radio-sex\" value=\"Mann\" \/><span class=\"wpcf7-list-item-label\">Mann<\/span><\/label><\/span><span class=\"wpcf7-list-item last\"><label><input type=\"radio\" name=\"radio-sex\" value=\"Frau\" \/><span class=\"wpcf7-list-item-label\">Frau<\/span><\/label><\/span><\/span><\/span>\n\t<\/p>\n<\/use-label-element>\n<p><label> Geburtsdatum (TT.MM.JJJJ)<br \/>\n<span class=\"wpcf7-form-control-wrap\" data-name=\"birth-date\"><input class=\"wpcf7-form-control wpcf7-date wpcf7-validates-as-required wpcf7-validates-as-date\" aria-required=\"true\" aria-invalid=\"false\" value=\"TT.MM.JJJJ\" type=\"date\" name=\"birth-date\" \/><\/span> <\/label>\n<\/p>\n<p><label> Geburtszeit (Stunden:Minuten) <\/label><br \/>\n<span class=\"wpcf7-form-control-wrap\" data-name=\"number-hour\"><input class=\"wpcf7-form-control wpcf7-number wpcf7-validates-as-required wpcf7-validates-as-number\" min=\"0\" max=\"23\" aria-required=\"true\" aria-invalid=\"false\" placeholder=\"00\" value=\"\" type=\"number\" name=\"number-hour\" \/><\/span><span class=\"wpcf7-form-control-wrap\" data-name=\"number-min\"><input class=\"wpcf7-form-control wpcf7-number wpcf7-validates-as-required wpcf7-validates-as-number\" min=\"0\" max=\"59\" aria-required=\"true\" aria-invalid=\"false\" placeholder=\"00\" value=\"\" type=\"number\" name=\"number-min\" \/><\/span>\n<\/p>\n<p><label> Geburtsort und Staat<br \/>\n<span class=\"wpcf7-form-control-wrap\" data-name=\"birth-place\"><input size=\"40\" class=\"wpcf7-form-control wpcf7-text wpcf7-validates-as-required\" aria-required=\"true\" aria-invalid=\"false\" value=\"\" type=\"text\" name=\"birth-place\" \/><\/span> <\/label>\n<\/p>\n<p><label> erstes Monatshoroskop ab <span class=\"wpcf7-form-control-wrap\" data-name=\"transit-date\"><input class=\"wpcf7-form-control wpcf7-date wpcf7-validates-as-required wpcf7-validates-as-date\" aria-required=\"true\" aria-invalid=\"false\" value=\"TT.MM.JJJJ\" type=\"date\" name=\"transit-date\" \/><\/span> <\/label>\n<\/p>\n<use-label-element>\n\t<p><span class=\"wpcf7-form-control-wrap\" data-name=\"radio-transit\"><span class=\"wpcf7-form-control wpcf7-radio\"><span class=\"wpcf7-list-item first\"><label><input type=\"radio\" name=\"radio-transit\" value=\"Standard\" \/><span class=\"wpcf7-list-item-label\">Standard<\/span><\/label><\/span><span class=\"wpcf7-list-item last\"><label><input type=\"radio\" name=\"radio-transit\" value=\"Herausforderungen (karmisch)\" \/><span class=\"wpcf7-list-item-label\">Herausforderungen (karmisch)<\/span><\/label><\/span><\/span><\/span>\n\t<\/p>\n<\/use-label-element>\n<p><label> --- <\/label>\n<\/p>\n<p><label> Analyse und Rechnung gehen an: <\/label><br \/>\n<span class=\"wpcf7-form-control-wrap\" data-name=\"user-name\"><input size=\"40\" class=\"wpcf7-form-control wpcf7-text wpcf7-validates-as-required\" aria-required=\"true\" aria-invalid=\"false\" placeholder=\"Vorname, Nachname\" value=\"\" type=\"text\" name=\"user-name\" \/><\/span><br \/>\n<span class=\"wpcf7-form-control-wrap\" data-name=\"user-street\"><input size=\"40\" class=\"wpcf7-form-control wpcf7-text\" aria-invalid=\"false\" placeholder=\"Strasse, Nr\" value=\"\" type=\"text\" name=\"user-street\" \/><\/span><br \/>\n<span class=\"wpcf7-form-control-wrap\" data-name=\"user-city\"><input size=\"40\" class=\"wpcf7-form-control wpcf7-text\" aria-invalid=\"false\" placeholder=\"PLZ, Ort, Staat\" value=\"\" type=\"text\" name=\"user-city\" \/><\/span><br \/>\n<span class=\"wpcf7-form-control-wrap\" data-name=\"your-email\"><input size=\"40\" class=\"wpcf7-form-control wpcf7-text wpcf7-email wpcf7-validates-as-required wpcf7-validates-as-email\" aria-required=\"true\" aria-invalid=\"false\" placeholder=\"E-Mail\" value=\"\" type=\"email\" name=\"your-email\" \/><\/span>\n<\/p>\n<p><input class=\"wpcf7-form-control has-spinner wpcf7-submit\" type=\"submit\" value=\"Senden\" \/>\n<\/p><div class=\"wpcf7-response-output\" aria-hidden=\"true\"><\/div>\n<\/form>\n<\/div>\n<\/div>\n","protected":false},"excerpt":{"rendered":"<p>Autorin: Anita Cortesi Jahresabo f\u00fcr 12 Monatshoroskope ab beliebigem Monat, die Sie jeden Monat als PDF-Datei per e-Mail erhalten Die Monatshoroskope sind individuelle astrologische Analysen, welche die Themen beschreiben, die innerhalb eines von Ihnen gew\u00fcnschten Jahres f\u00fcr Sie aktuell sind oder sein werden. Durch bessere Kenntnis der eigenen Veranlagung, der wechselnden Vorlieben, Impulse und Hemmschwellen [&hellip;]<\/p>\n","protected":false},"author":1,"featured_media":0,"parent":41,"menu_order":0,"comment_status":"closed","ping_status":"closed","template":"","meta":{"footnotes":""},"class_list":["post-160","page","type-page","status-publish","hentry"],"_links":{"self":[{"href":"http:\/\/www.astro.cortesi.ch\/index.php\/wp-json\/wp\/v2\/pages\/160","targetHints":{"allow":["GET"]}}],"collection":[{"href":"http:\/\/www.astro.cortesi.ch\/index.php\/wp-json\/wp\/v2\/pages"}],"about":[{"href":"http:\/\/www.astro.cortesi.ch\/index.php\/wp-json\/wp\/v2\/types\/page"}],"author":[{"embeddable":true,"href":"http:\/\/www.astro.cortesi.ch\/index.php\/wp-json\/wp\/v2\/users\/1"}],"replies":[{"embeddable":true,"href":"http:\/\/www.astro.cortesi.ch\/index.php\/wp-json\/wp\/v2\/comments?post=160"}],"version-history":[{"count":2,"href":"http:\/\/www.astro.cortesi.ch\/index.php\/wp-json\/wp\/v2\/pages\/160\/revisions"}],"predecessor-version":[{"id":189,"href":"http:\/\/www.astro.cortesi.ch\/index.php\/wp-json\/wp\/v2\/pages\/160\/revisions\/189"}],"up":[{"embeddable":true,"href":"http:\/\/www.astro.cortesi.ch\/index.php\/wp-json\/wp\/v2\/pages\/41"}],"wp:attachment":[{"href":"http:\/\/www.astro.cortesi.ch\/index.php\/wp-json\/wp\/v2\/media?parent=160"}],"curies":[{"name":"wp","href":"https:\/\/api.w.org\/{rel}","templated":true}]}}