{"id":298,"date":"2023-02-16T07:19:30","date_gmt":"2023-02-16T06:19:30","guid":{"rendered":"http:\/\/www.astro.cortesi.ch\/?page_id=298"},"modified":"2023-02-16T07:19:30","modified_gmt":"2023-02-16T06:19:30","slug":"sonne-im-tierkreiszeichen-fische","status":"publish","type":"page","link":"http:\/\/www.astro.cortesi.ch\/index.php\/sonne-im-tierkreiszeichen-fische\/","title":{"rendered":"Sonne im Tierkreiszeichen Fische"},"content":{"rendered":"\n<h4 class=\"wp-block-heading\">Sich dem Lebensfluss hingeben<\/h4>\n\n\n\n<p>In Ihrem innersten Wesen sind Sie einf\u00fchlsam, sensibel und voller Hingabe an alles Sein. Das Leben ist f\u00fcr Sie wie ein Fluss; Sie lassen sich tragen und irgendwo hinschwemmen, nehmen viele Formen an und lassen diese wieder los. Konkret k\u00f6nnte dies bedeuten, dass Sie kein Konzept aufstellen, wie Ihr Leben aussehen soll, sondern vielmehr alles auf sich zukommen lassen. Sie haben eine innere Sicherheit und Vertrauen, dass eine h\u00f6here Macht Sie von alleine an die richtigen Stellen hinschwemmt.<\/p>\n\n\n\n<p>Sie sind sensibel und einf\u00fchlsam. Ihr Wille ist flexibel und anpassungsf\u00e4hig. Es ist Ihnen selbst vielleicht manchmal nicht ganz klar, wer Sie sind und was Sie wollen. Sie lassen sich von anderen beeinflussen, im Positiven sowohl als auch im Negativen. Wenn keine anderen Pers\u00f6nlichkeitsteile Ihnen Halt und Struktur vermitteln, kann Ihr Leben relativ leicht zu einem Schiff ohne Steuermann werden und in Chaos oder Sucht abgleiten. Andere m\u00f6gliche Klippen sind Selbstmitleid oder das Gef\u00fchl, jemandem etwas schuldig zu sein. Vielleicht helfen Sie immer wieder anderen, ohne je etwas daf\u00fcr zur\u00fcck zu bekommen.<\/p>\n\n\n\n<p>Es ist wichtig, dass Sie in sich selbst Halt finden und Ihr &#8222;Ich&#8220; und Ihren Willen sp\u00fcren, damit Sie selbst entscheiden k\u00f6nnen, wann Sie einf\u00fchlsam und damit auch beeinflussbar sein wollen und wann Sie Ihren Willen durchsetzen wollen. Sie haben ein reiches Innenleben an Gef\u00fchlen und Phantasie. Und Sie haben die F\u00e4higkeit, sich g\u00e4nzlich an etwas hinzugeben, beispielsweise sich mit der Natur eins zu f\u00fchlen oder in Musik &#8222;einzutauchen&#8220;.<\/p>\n","protected":false},"excerpt":{"rendered":"<p>Sich dem Lebensfluss hingeben In Ihrem innersten Wesen sind Sie einf\u00fchlsam, sensibel und voller Hingabe an alles Sein. Das Leben ist f\u00fcr Sie wie ein Fluss; Sie lassen sich tragen und irgendwo hinschwemmen, nehmen viele Formen an und lassen diese wieder los. Konkret k\u00f6nnte dies bedeuten, dass Sie kein Konzept aufstellen, wie Ihr Leben aussehen [&hellip;]<\/p>\n","protected":false},"author":1,"featured_media":0,"parent":0,"menu_order":0,"comment_status":"closed","ping_status":"closed","template":"","meta":{"footnotes":""},"class_list":["post-298","page","type-page","status-publish","hentry"],"_links":{"self":[{"href":"http:\/\/www.astro.cortesi.ch\/index.php\/wp-json\/wp\/v2\/pages\/298","targetHints":{"allow":["GET"]}}],"collection":[{"href":"http:\/\/www.astro.cortesi.ch\/index.php\/wp-json\/wp\/v2\/pages"}],"about":[{"href":"http:\/\/www.astro.cortesi.ch\/index.php\/wp-json\/wp\/v2\/types\/page"}],"author":[{"embeddable":true,"href":"http:\/\/www.astro.cortesi.ch\/index.php\/wp-json\/wp\/v2\/users\/1"}],"replies":[{"embeddable":true,"href":"http:\/\/www.astro.cortesi.ch\/index.php\/wp-json\/wp\/v2\/comments?post=298"}],"version-history":[{"count":1,"href":"http:\/\/www.astro.cortesi.ch\/index.php\/wp-json\/wp\/v2\/pages\/298\/revisions"}],"predecessor-version":[{"id":299,"href":"http:\/\/www.astro.cortesi.ch\/index.php\/wp-json\/wp\/v2\/pages\/298\/revisions\/299"}],"wp:attachment":[{"href":"http:\/\/www.astro.cortesi.ch\/index.php\/wp-json\/wp\/v2\/media?parent=298"}],"curies":[{"name":"wp","href":"https:\/\/api.w.org\/{rel}","templated":true}]}}