{"id":309,"date":"2023-02-24T15:41:53","date_gmt":"2023-02-24T14:41:53","guid":{"rendered":"http:\/\/www.astro.cortesi.ch\/?page_id=309"},"modified":"2023-02-27T12:03:39","modified_gmt":"2023-02-27T11:03:39","slug":"der-tierkreis","status":"publish","type":"page","link":"http:\/\/www.astro.cortesi.ch\/index.php\/astrologisches\/der-tierkreis\/","title":{"rendered":"Der Tierkreis"},"content":{"rendered":"\n<p>Der Tierkreis ist der \u00e4u\u00dfere Kreis des&nbsp;Horoskopbildes&nbsp;und entspricht der Bahn, die die Sonne aus Sicht der Erde in einem Jahr vollzieht. Er ist ein &#8222;gedachter&#8220; Kreis um die Erde, der in zw\u00f6lf 30\u00b0Abschnitte eingeteilt ist. Der Tierkreis ist letztlich also nichts anderes als die in zw\u00f6lf Stationen geteilte Sonnenlaufbahn. Der Kreis beginnt am 21. M\u00e4rz, der ersten Tag-und-Nacht-Gleiche bzw. dem Fr\u00fchlingsanfang.<\/p>\n\n\n\n<p>Diese zw\u00f6lf Kreisst\u00fccke sind mit Bildern, den Tierkreiszeichen besetzt: Widder, Stier, Zwillinge, Krebs, L\u00f6we, Jungfrau, Waage, Skorpion, Sch\u00fctze, Steinbock, Wassermann und Fische.<\/p>\n\n\n\n<figure class=\"wp-block-image aligncenter size-full\"><img loading=\"lazy\" decoding=\"async\" width=\"300\" height=\"310\" src=\"http:\/\/www.astro.cortesi.ch\/wp-content\/uploads\/2023\/02\/wi_stepTK.gif\" alt=\"\" class=\"wp-image-276\"\/><figcaption class=\"wp-element-caption\">\u00a9 FIREBALL Astro-Guide<\/figcaption><\/figure>\n\n\n\n<p>Die zw\u00f6lf Tierkreiszeichen &#8211; von Astrologen&nbsp; nur &#8222;Zeichen&#8220;&nbsp;&nbsp; genannt &#8211; beschreiben verschiedene Varianten des menschlichen Verhaltens bzw. zw\u00f6lf Charaktertypen, wobei die Menschen keine &#8222;reinrassigen&#8220; Typen, sondern Mischungen der einzelnen Charaktere mit besonderen Schwerpunkten sind. Ein solcher Schwerpunkt wird im Horoskop durch eine H\u00e4ufung von Planeten in einem bestimmten Zeichen angezeigt.<\/p>\n\n\n\n<p>Da der Tierkreis ein gedachtes Band um die Erde ist, und die Erde sich in 24 Stunden einmal um sich selber dreht, steigt durchschnittlich alle zwei Stunden ein anderes Tierkreiszeichen am \u00f6stlichen Horizont auf. Dieses aufsteigende Tierkreiszeichen entspricht dem&nbsp;<a href=\"http:\/\/www.astro.cortesi.ch\/index.php\/der-aszendent\/\" data-type=\"page\" data-id=\"361\">Aszendenten&nbsp;<\/a>und beschreibt das Verhalten des Menschen nach au\u00dfen.<\/p>\n\n\n\n<p>Die Sonne durchl\u00e4uft in einem Jahr alle zw\u00f6lf Tierkreiszeichen.<\/p>\n\n\n\n<figure class=\"wp-block-table\"><table><tbody><tr><td><strong><em>Zeichen<\/em><\/strong><\/td><td><strong><em>Symbol<\/em><\/strong><\/td><td><strong><em>Die Sonne steht hier*<\/em><\/strong><\/td><td><strong><em>Lebensmotto<\/em><\/strong><\/td><\/tr><tr><td><a href=\"http:\/\/www.astro.cortesi.ch\/index.php\/das-tierkreiszeichen-widder\/\" data-type=\"page\" data-id=\"335\">Widder<\/a><\/td><td><img loading=\"lazy\" decoding=\"async\" width=\"53\" height=\"49\" class=\"wp-image-319\" style=\"width: 53px;\" src=\"http:\/\/www.astro.cortesi.ch\/wp-content\/uploads\/2023\/02\/widder_f.gif\" alt=\"\"><\/td><td>21.3.-20.4.<\/td><td>Ich will ein Pionier sein!<\/td><\/tr><tr><td><a href=\"http:\/\/www.astro.cortesi.ch\/index.php\/das-tierkreiszeichen-stier\/\" data-type=\"page\" data-id=\"337\">Stier<\/a><\/td><td><img loading=\"lazy\" decoding=\"async\" width=\"53\" height=\"49\" class=\"wp-image-320\" style=\"width: 53px;\" src=\"http:\/\/www.astro.cortesi.ch\/wp-content\/uploads\/2023\/02\/stier_f.gif\" alt=\"\"><\/td><td>21.4.-21.5.<\/td><td>Leben und leben lassen!<\/td><\/tr><tr><td><a href=\"http:\/\/www.astro.cortesi.ch\/index.php\/das-tierkreiszeichen-zwillinge\/\" data-type=\"page\" data-id=\"341\">Zwillinge<\/a><\/td><td><img loading=\"lazy\" decoding=\"async\" width=\"53\" height=\"47\" class=\"wp-image-321\" style=\"width: 53px;\" src=\"http:\/\/www.astro.cortesi.ch\/wp-content\/uploads\/2023\/02\/Zwilling_f.gif\" alt=\"\"><\/td><td>21.5.-21.6.<\/td><td>Was gibt es Neues und Spannendes?<\/td><\/tr><tr><td><a href=\"http:\/\/www.astro.cortesi.ch\/index.php\/das-tierkreiszeichen-krebs\/\" data-type=\"page\" data-id=\"343\">Krebs<\/a><\/td><td><img loading=\"lazy\" decoding=\"async\" width=\"49\" height=\"49\" class=\"wp-image-325\" style=\"width: 49px;\" src=\"http:\/\/www.astro.cortesi.ch\/wp-content\/uploads\/2023\/02\/krebs_f.gif\" alt=\"\"><\/td><td>22.6.-22.7.<\/td><td>Ich m\u00f6chte mich wohl f\u00fchlen.<\/td><\/tr><tr><td><a href=\"http:\/\/www.astro.cortesi.ch\/index.php\/das-tierkreiszeichen-loewe\/\" data-type=\"page\" data-id=\"345\">L\u00f6we<\/a><\/td><td><img loading=\"lazy\" decoding=\"async\" width=\"49\" height=\"49\" class=\"wp-image-326\" style=\"width: 49px;\" src=\"http:\/\/www.astro.cortesi.ch\/wp-content\/uploads\/2023\/02\/loewe_f.gif\" alt=\"\"><\/td><td>23.7.-22.8.<\/td><td>Ich will meine Gr\u00f6sse zeigen!<\/td><\/tr><tr><td><a href=\"http:\/\/www.astro.cortesi.ch\/index.php\/das-tierkreiszeichen-jungfrau\/\" data-type=\"page\" data-id=\"347\">Jungfrau<\/a><\/td><td><img loading=\"lazy\" decoding=\"async\" width=\"49\" height=\"49\" class=\"wp-image-327\" style=\"width: 49px;\" src=\"http:\/\/www.astro.cortesi.ch\/wp-content\/uploads\/2023\/02\/Jungfrau_f.gif\" alt=\"\"><\/td><td>23.8.-22.9.<\/td><td>Wie kann ich mich n\u00fctzlich machen?<\/td><\/tr><tr><td><a href=\"http:\/\/www.astro.cortesi.ch\/index.php\/das-tierkreiszeichen-waage\/\" data-type=\"page\" data-id=\"349\">Waage<\/a><\/td><td><img loading=\"lazy\" decoding=\"async\" width=\"49\" height=\"49\" class=\"wp-image-328\" style=\"width: 49px;\" src=\"http:\/\/www.astro.cortesi.ch\/wp-content\/uploads\/2023\/02\/waage_f.gif\" alt=\"\"><\/td><td>22.9.-23.10.<\/td><td>Ich brauche ein Du, um ganz zu werden.<\/td><\/tr><tr><td><a href=\"http:\/\/www.astro.cortesi.ch\/index.php\/das-tierkreiszeichen-skorpion\/\" data-type=\"page\" data-id=\"351\">Skorpion<\/a><\/td><td><img loading=\"lazy\" decoding=\"async\" width=\"49\" height=\"49\" class=\"wp-image-329\" style=\"width: 49px;\" src=\"http:\/\/www.astro.cortesi.ch\/wp-content\/uploads\/2023\/02\/Skorpion_f.gif\" alt=\"\"><\/td><td>23.10.-22.11.<\/td><td>Ich will die Ursachen ergr\u00fcnden.<\/td><\/tr><tr><td><a href=\"http:\/\/www.astro.cortesi.ch\/index.php\/das-tierkreiszeichen-schuetze\/\" data-type=\"page\" data-id=\"353\">Sch\u00fctze<\/a><\/td><td><img loading=\"lazy\" decoding=\"async\" width=\"49\" height=\"49\" class=\"wp-image-330\" style=\"width: 49px;\" src=\"http:\/\/www.astro.cortesi.ch\/wp-content\/uploads\/2023\/02\/Schuetze_f.gif\" alt=\"\"><\/td><td>22.11.-21.12.<\/td><td>Wie kann ich wachsen?<\/td><\/tr><tr><td><a href=\"http:\/\/www.astro.cortesi.ch\/index.php\/das-tierkreiszeichen-steinbock\/\" data-type=\"page\" data-id=\"355\">Steinbock<\/a><\/td><td><img loading=\"lazy\" decoding=\"async\" width=\"49\" height=\"49\" class=\"wp-image-331\" style=\"width: 49px;\" src=\"http:\/\/www.astro.cortesi.ch\/wp-content\/uploads\/2023\/02\/Steinbock_f.gif\" alt=\"\"><\/td><td>21.12.-20.1.<\/td><td>Ich will ein Ziel erreichen!<\/td><\/tr><tr><td><a href=\"http:\/\/www.astro.cortesi.ch\/index.php\/das-tierkreiszeichen-wassermann\/\" data-type=\"page\" data-id=\"357\">Wassermann<\/a><\/td><td><img loading=\"lazy\" decoding=\"async\" width=\"49\" height=\"49\" class=\"wp-image-332\" style=\"width: 49px;\" src=\"http:\/\/www.astro.cortesi.ch\/wp-content\/uploads\/2023\/02\/Wassermann_f.gif\" alt=\"\"><\/td><td>20.1.-19.2.<\/td><td>Ich bin ein einzigartiges Individuum.<\/td><\/tr><tr><td><a href=\"http:\/\/www.astro.cortesi.ch\/index.php\/das-tierkreiszeichen-fische\/\" data-type=\"page\" data-id=\"359\">Fische<\/a><\/td><td><img loading=\"lazy\" decoding=\"async\" width=\"49\" height=\"49\" class=\"wp-image-333\" style=\"width: 49px;\" src=\"http:\/\/www.astro.cortesi.ch\/wp-content\/uploads\/2023\/02\/fische_f.gif\" alt=\"\"><\/td><td>19.2.-20.3.<\/td><td>Wir sind alle miteinander verbunden.<\/td><\/tr><\/tbody><\/table><\/figure>\n\n\n\n<p>*Die Daten k\u00f6nnen sich je nach Jahrgang wegen des Schaltjahres um einen Tag verschieben.\u00a0<a href=\"http:\/\/www.astro.cortesi.ch\/index.php\/tierkreiszeichen-der-vom-20-23-eines-monats-geborenen\/\" data-type=\"page\" data-id=\"543\">mehr dar\u00fcber<\/a><\/p>\n\n\n\n<p>Tierkreiszeichen werden gerne mit den gleichnamigen&nbsp;<a href=\"http:\/\/www.astro.cortesi.ch\/index.php\/tierkreiszeichen-oder-sternbilder\/\" data-type=\"page\" data-id=\"533\">Fixsternbildern&nbsp;<\/a>verwechselt.<\/p>\n\n\n\n<p><a href=\"http:\/\/www.astro.cortesi.ch\/index.php\/verwandtschaften-zwischen-zeichen-planeten-und-haeusern\/\" data-type=\"page\" data-id=\"494\">&#8222;Verwandtschaft&#8220; der Tierkreiszeichen zu Planeten und H\u00e4usern<\/a><\/p>\n","protected":false},"excerpt":{"rendered":"<p>Der Tierkreis ist der \u00e4u\u00dfere Kreis des&nbsp;Horoskopbildes&nbsp;und entspricht der Bahn, die die Sonne aus Sicht der Erde in einem Jahr vollzieht. Er ist ein &#8222;gedachter&#8220; Kreis um die Erde, der in zw\u00f6lf 30\u00b0Abschnitte eingeteilt ist. Der Tierkreis ist letztlich also nichts anderes als die in zw\u00f6lf Stationen geteilte Sonnenlaufbahn. Der Kreis beginnt am 21. M\u00e4rz, [&hellip;]<\/p>\n","protected":false},"author":1,"featured_media":0,"parent":39,"menu_order":0,"comment_status":"closed","ping_status":"closed","template":"","meta":{"footnotes":""},"class_list":["post-309","page","type-page","status-publish","hentry"],"_links":{"self":[{"href":"http:\/\/www.astro.cortesi.ch\/index.php\/wp-json\/wp\/v2\/pages\/309","targetHints":{"allow":["GET"]}}],"collection":[{"href":"http:\/\/www.astro.cortesi.ch\/index.php\/wp-json\/wp\/v2\/pages"}],"about":[{"href":"http:\/\/www.astro.cortesi.ch\/index.php\/wp-json\/wp\/v2\/types\/page"}],"author":[{"embeddable":true,"href":"http:\/\/www.astro.cortesi.ch\/index.php\/wp-json\/wp\/v2\/users\/1"}],"replies":[{"embeddable":true,"href":"http:\/\/www.astro.cortesi.ch\/index.php\/wp-json\/wp\/v2\/comments?post=309"}],"version-history":[{"count":10,"href":"http:\/\/www.astro.cortesi.ch\/index.php\/wp-json\/wp\/v2\/pages\/309\/revisions"}],"predecessor-version":[{"id":575,"href":"http:\/\/www.astro.cortesi.ch\/index.php\/wp-json\/wp\/v2\/pages\/309\/revisions\/575"}],"up":[{"embeddable":true,"href":"http:\/\/www.astro.cortesi.ch\/index.php\/wp-json\/wp\/v2\/pages\/39"}],"wp:attachment":[{"href":"http:\/\/www.astro.cortesi.ch\/index.php\/wp-json\/wp\/v2\/media?parent=309"}],"curies":[{"name":"wp","href":"https:\/\/api.w.org\/{rel}","templated":true}]}}