{"id":337,"date":"2023-02-24T15:27:52","date_gmt":"2023-02-24T14:27:52","guid":{"rendered":"http:\/\/www.astro.cortesi.ch\/?page_id=337"},"modified":"2023-02-27T11:38:34","modified_gmt":"2023-02-27T10:38:34","slug":"das-tierkreiszeichen-stier","status":"publish","type":"page","link":"http:\/\/www.astro.cortesi.ch\/index.php\/das-tierkreiszeichen-stier\/","title":{"rendered":"Das Tierkreiszeichen Stier"},"content":{"rendered":"\n<figure class=\"wp-block-image size-full\"><img loading=\"lazy\" decoding=\"async\" width=\"53\" height=\"49\" src=\"http:\/\/www.astro.cortesi.ch\/wp-content\/uploads\/2023\/02\/stier_f.gif\" alt=\"\" class=\"wp-image-320\"\/><\/figure>\n\n\n\n<p>&#8222;<strong>Ich habe!&#8220;<\/strong><\/p>\n\n\n\n<p><strong>Positive Eigenschaften eines Stier-Typs:<\/strong><br>Geduldig, ausdauernd, gelassen, ruhig, langsam, bed\u00e4chtig, konservativ, best\u00e4ndig, gr\u00fcndlich, praktisch, realistisch, gewissenhaft, besonnen, solid, sachlich, treu, naturverbunden, bodenst\u00e4ndig, gem\u00fctlich, zufrieden, gen\u00fcgsam<\/p>\n\n\n\n<p>Der Stierbetonte m\u00f6chte das Leben genie\u00dfen und die Dinge bewahren, hegen und pflegen, hat Sinn f\u00fcr das Bestehende, f\u00fcr Werte, Geld und Gut, sowie f\u00fcr Kunst und \u00c4sthetik, sagt aus Selbstschutz zu allem Neuen zuerst Nein, braucht ein &#8222;eigenes Revier&#8220;, grenzt sich ab. Sinnlichkeit und Erotik sind wichtig. Er ist ein Gem\u00fctsmensch, der das Leben genie\u00dfen m\u00f6chte und sich mit dem zufrieden gibt, was er hat. Am wohlsten f\u00fchlt er sich, wenn er sich als &#8222;fruchtbaren Boden&#8220; f\u00fcr die Impulse anderer Menschen erlebt.<\/p>\n\n\n\n<p><strong>Negative Entsprechungen:<\/strong><br>&#8222;Entweder ich kann es sehen oder es existiert nicht.&#8220;<br>Dogmatisch, engstirnig, stur, eigenwillig, besitzergreifend, geizig, \u00e4ngstlich, tr\u00e4ge, passiv, bequem, konservativ<\/p>\n\n\n\n<p><br>Dem Stier-Zeichen werden die\u00a0<a href=\"http:\/\/www.astro.cortesi.ch\/index.php\/venus\/\" data-type=\"page\" data-id=\"427\">Venus\u00a0<\/a>und das\u00a0<a href=\"http:\/\/www.astro.cortesi.ch\/index.php\/das-zweite-haus\/\" data-type=\"page\" data-id=\"367\">zweite Haus\u00a0<\/a>zugeordnet.<\/p>\n\n\n\n<p><a href=\"http:\/\/www.astro.cortesi.ch\/index.php\/verwandtschaften-zwischen-zeichen-planeten-und-haeusern\/\" data-type=\"page\" data-id=\"494\">\u00dcbersicht\u00a0<\/a>\u00fcber Tierkreiszeichen, Planeten und H\u00e4user<\/p>\n","protected":false},"excerpt":{"rendered":"<p>&#8222;Ich habe!&#8220; Positive Eigenschaften eines Stier-Typs:Geduldig, ausdauernd, gelassen, ruhig, langsam, bed\u00e4chtig, konservativ, best\u00e4ndig, gr\u00fcndlich, praktisch, realistisch, gewissenhaft, besonnen, solid, sachlich, treu, naturverbunden, bodenst\u00e4ndig, gem\u00fctlich, zufrieden, gen\u00fcgsam Der Stierbetonte m\u00f6chte das Leben genie\u00dfen und die Dinge bewahren, hegen und pflegen, hat Sinn f\u00fcr das Bestehende, f\u00fcr Werte, Geld und Gut, sowie f\u00fcr Kunst und \u00c4sthetik, sagt [&hellip;]<\/p>\n","protected":false},"author":1,"featured_media":0,"parent":0,"menu_order":0,"comment_status":"closed","ping_status":"closed","template":"","meta":{"footnotes":""},"class_list":["post-337","page","type-page","status-publish","hentry"],"_links":{"self":[{"href":"http:\/\/www.astro.cortesi.ch\/index.php\/wp-json\/wp\/v2\/pages\/337","targetHints":{"allow":["GET"]}}],"collection":[{"href":"http:\/\/www.astro.cortesi.ch\/index.php\/wp-json\/wp\/v2\/pages"}],"about":[{"href":"http:\/\/www.astro.cortesi.ch\/index.php\/wp-json\/wp\/v2\/types\/page"}],"author":[{"embeddable":true,"href":"http:\/\/www.astro.cortesi.ch\/index.php\/wp-json\/wp\/v2\/users\/1"}],"replies":[{"embeddable":true,"href":"http:\/\/www.astro.cortesi.ch\/index.php\/wp-json\/wp\/v2\/comments?post=337"}],"version-history":[{"count":4,"href":"http:\/\/www.astro.cortesi.ch\/index.php\/wp-json\/wp\/v2\/pages\/337\/revisions"}],"predecessor-version":[{"id":554,"href":"http:\/\/www.astro.cortesi.ch\/index.php\/wp-json\/wp\/v2\/pages\/337\/revisions\/554"}],"wp:attachment":[{"href":"http:\/\/www.astro.cortesi.ch\/index.php\/wp-json\/wp\/v2\/media?parent=337"}],"curies":[{"name":"wp","href":"https:\/\/api.w.org\/{rel}","templated":true}]}}