{"id":341,"date":"2023-02-24T15:31:37","date_gmt":"2023-02-24T14:31:37","guid":{"rendered":"http:\/\/www.astro.cortesi.ch\/?page_id=341"},"modified":"2023-02-27T11:41:48","modified_gmt":"2023-02-27T10:41:48","slug":"das-tierkreiszeichen-zwillinge","status":"publish","type":"page","link":"http:\/\/www.astro.cortesi.ch\/index.php\/das-tierkreiszeichen-zwillinge\/","title":{"rendered":"Das Tierkreiszeichen Zwillinge"},"content":{"rendered":"\n<figure class=\"wp-block-image size-full\"><img loading=\"lazy\" decoding=\"async\" width=\"53\" height=\"47\" src=\"http:\/\/www.astro.cortesi.ch\/wp-content\/uploads\/2023\/02\/Zwilling_f.gif\" alt=\"\" class=\"wp-image-321\"\/><\/figure>\n\n\n\n<p><strong>&#8222;Ich denke! Ich wei\u00df!&#8220;<\/strong><\/p>\n\n\n\n<p><strong>Positive Eigenschaften eines Zwillinge-Typs<\/strong>:<br>Vielseitig, schnell, wendig, flexibel, anpassungsf\u00e4hig, immer unterwegs, kontaktfreudig, gesellig, freundlich, jugendlich, sachlich, objektiv, vorurteilslos, offen und neugierig wie ein siebenj\u00e4hriges Kind.<\/p>\n\n\n\n<p>Der Zwillinge-Typ ist ein Gegenwartsmensch voll prickelnder Lebendigkeit. Er bewegt sich an der Oberfl\u00e4che, geht in die Breite, nicht in die Tiefe, sch\u00e4tzt Verstand und Logik und verf\u00fcgt \u00fcber eine rasche Auffassungsgabe. Aus objektiver Distanz sieht der Zwillinge-Typ mehrere M\u00f6glichkeiten, erkennt die Vorteile der verschiedenen Varianten und hat M\u00fche, sich mit etwas zu identifizieren, sich zu entscheiden und festzulegen. Er will die Dinge unterscheiden und benennen und ist ein ungl\u00e4ubiger Verstandesmensch, der alles bezweifelt, was er nicht gesehen hat.<\/p>\n\n\n\n<p><strong>Negative Entsprechungen:<\/strong><br>Oberfl\u00e4chlich, flatterhaft, beeinflu\u00dfbar, anf\u00e4llig f\u00fcr Stre\u00df, unentschieden, unverbindlich, distanziert, unstet, ruhelos, nerv\u00f6s, zerstreut, neugierig, weitschweifig, sp\u00f6ttisch, weicht einem festen Standpunkt aus und verharrt in der Analyse der Unterschiede.<\/p>\n\n\n\n<p>Dem Zwillinge-Zeichen werden der\u00a0<a href=\"http:\/\/www.astro.cortesi.ch\/index.php\/merkur\/\" data-type=\"page\" data-id=\"425\">Merkur\u00a0<\/a>und das\u00a0<a href=\"http:\/\/www.astro.cortesi.ch\/index.php\/das-dritte-haus\/\" data-type=\"page\" data-id=\"370\">dritte Haus\u00a0<\/a>zugeordnet.<\/p>\n\n\n\n<p><a href=\"http:\/\/www.astro.cortesi.ch\/index.php\/verwandtschaften-zwischen-zeichen-planeten-und-haeusern\/\" data-type=\"page\" data-id=\"494\">\u00dcbersicht\u00a0<\/a>\u00fcber Tierkreiszeichen, Planeten und H\u00e4user<\/p>\n","protected":false},"excerpt":{"rendered":"<p>&#8222;Ich denke! Ich wei\u00df!&#8220; Positive Eigenschaften eines Zwillinge-Typs:Vielseitig, schnell, wendig, flexibel, anpassungsf\u00e4hig, immer unterwegs, kontaktfreudig, gesellig, freundlich, jugendlich, sachlich, objektiv, vorurteilslos, offen und neugierig wie ein siebenj\u00e4hriges Kind. Der Zwillinge-Typ ist ein Gegenwartsmensch voll prickelnder Lebendigkeit. Er bewegt sich an der Oberfl\u00e4che, geht in die Breite, nicht in die Tiefe, sch\u00e4tzt Verstand und Logik und [&hellip;]<\/p>\n","protected":false},"author":1,"featured_media":0,"parent":0,"menu_order":0,"comment_status":"closed","ping_status":"closed","template":"","meta":{"footnotes":""},"class_list":["post-341","page","type-page","status-publish","hentry"],"_links":{"self":[{"href":"http:\/\/www.astro.cortesi.ch\/index.php\/wp-json\/wp\/v2\/pages\/341","targetHints":{"allow":["GET"]}}],"collection":[{"href":"http:\/\/www.astro.cortesi.ch\/index.php\/wp-json\/wp\/v2\/pages"}],"about":[{"href":"http:\/\/www.astro.cortesi.ch\/index.php\/wp-json\/wp\/v2\/types\/page"}],"author":[{"embeddable":true,"href":"http:\/\/www.astro.cortesi.ch\/index.php\/wp-json\/wp\/v2\/users\/1"}],"replies":[{"embeddable":true,"href":"http:\/\/www.astro.cortesi.ch\/index.php\/wp-json\/wp\/v2\/comments?post=341"}],"version-history":[{"count":3,"href":"http:\/\/www.astro.cortesi.ch\/index.php\/wp-json\/wp\/v2\/pages\/341\/revisions"}],"predecessor-version":[{"id":556,"href":"http:\/\/www.astro.cortesi.ch\/index.php\/wp-json\/wp\/v2\/pages\/341\/revisions\/556"}],"wp:attachment":[{"href":"http:\/\/www.astro.cortesi.ch\/index.php\/wp-json\/wp\/v2\/media?parent=341"}],"curies":[{"name":"wp","href":"https:\/\/api.w.org\/{rel}","templated":true}]}}