{"id":343,"date":"2023-02-24T15:24:59","date_gmt":"2023-02-24T14:24:59","guid":{"rendered":"http:\/\/www.astro.cortesi.ch\/?page_id=343"},"modified":"2023-02-27T11:44:26","modified_gmt":"2023-02-27T10:44:26","slug":"das-tierkreiszeichen-krebs","status":"publish","type":"page","link":"http:\/\/www.astro.cortesi.ch\/index.php\/das-tierkreiszeichen-krebs\/","title":{"rendered":"Das Tierkreiszeichen Krebs"},"content":{"rendered":"\n<figure class=\"wp-block-image size-full\"><img loading=\"lazy\" decoding=\"async\" width=\"49\" height=\"49\" src=\"http:\/\/www.astro.cortesi.ch\/wp-content\/uploads\/2023\/02\/krebs_f.gif\" alt=\"\" class=\"wp-image-325\"\/><\/figure>\n\n\n\n<p><strong>&#8222;Ich f\u00fchle!&#8220;<\/strong><\/p>\n\n\n\n<p><strong>Positive Eigenschaften eines Krebs-Typs:<\/strong><br>Empfindsam, mitf\u00fchlend, anschmiegsam, hilfsbereit, vertr\u00e4glich, m\u00fctterlich, f\u00fcrsorglich, kindlich, liebensw\u00fcrdig, phantasievoll, vertr\u00e4umt<\/p>\n\n\n\n<p>Der Krebs-Betonte sucht und schafft Geborgenheit, W\u00e4rme und Z\u00e4rtlichkeit. Er, zieht sich in &#8222;k\u00fchlem&#8220; Klima zur\u00fcck, schaut zur\u00fcck, Vergangenheit und Herkunft sind wichtig, ausgepr\u00e4gter Familiensinn, Bed\u00fcrfnis nach H\u00e4uslichkeit und einem &#8222;warmen Nest&#8220;.<\/p>\n\n\n\n<p><strong>Negative Entsprechungen:<\/strong><br>Launenhaft, stimmungsabh\u00e4ngig, empfindlich, \u00e4ngstlich, sentimental, beeinflussbar, unselbst\u00e4ndig, passiv, \u00fcberbesch\u00fctzend, labil, geht v\u00f6llig in Gef\u00fchlen auf, weigert sich, erwachsen zu werden oder \u00fcberbemuttert andere und h\u00e4lt sie in Abh\u00e4ngigkeit, neigt dazu, \u00c4rger zu schlucken und &#8222;zur\u00fcckzukrebsen&#8220;.<\/p>\n\n\n\n<p><br>Dem Krebs-Zeichen werden der\u00a0<a href=\"http:\/\/www.astro.cortesi.ch\/index.php\/der-mond\/\" data-type=\"page\" data-id=\"423\">Mond\u00a0<\/a>und das\u00a0<a href=\"http:\/\/www.astro.cortesi.ch\/index.php\/das-vierte-haus\/\" data-type=\"page\" data-id=\"377\">vierte Haus\u00a0<\/a>zugeordnet.<\/p>\n\n\n\n<p><a href=\"http:\/\/www.astro.cortesi.ch\/index.php\/verwandtschaften-zwischen-zeichen-planeten-und-haeusern\/\" data-type=\"page\" data-id=\"494\">\u00dcbersicht\u00a0<\/a>\u00fcber Tierkreiszeichen, Planeten und H\u00e4user<\/p>\n","protected":false},"excerpt":{"rendered":"<p>&#8222;Ich f\u00fchle!&#8220; Positive Eigenschaften eines Krebs-Typs:Empfindsam, mitf\u00fchlend, anschmiegsam, hilfsbereit, vertr\u00e4glich, m\u00fctterlich, f\u00fcrsorglich, kindlich, liebensw\u00fcrdig, phantasievoll, vertr\u00e4umt Der Krebs-Betonte sucht und schafft Geborgenheit, W\u00e4rme und Z\u00e4rtlichkeit. Er, zieht sich in &#8222;k\u00fchlem&#8220; Klima zur\u00fcck, schaut zur\u00fcck, Vergangenheit und Herkunft sind wichtig, ausgepr\u00e4gter Familiensinn, Bed\u00fcrfnis nach H\u00e4uslichkeit und einem &#8222;warmen Nest&#8220;. Negative Entsprechungen:Launenhaft, stimmungsabh\u00e4ngig, empfindlich, \u00e4ngstlich, sentimental, beeinflussbar, [&hellip;]<\/p>\n","protected":false},"author":1,"featured_media":0,"parent":0,"menu_order":0,"comment_status":"closed","ping_status":"closed","template":"","meta":{"footnotes":""},"class_list":["post-343","page","type-page","status-publish","hentry"],"_links":{"self":[{"href":"http:\/\/www.astro.cortesi.ch\/index.php\/wp-json\/wp\/v2\/pages\/343","targetHints":{"allow":["GET"]}}],"collection":[{"href":"http:\/\/www.astro.cortesi.ch\/index.php\/wp-json\/wp\/v2\/pages"}],"about":[{"href":"http:\/\/www.astro.cortesi.ch\/index.php\/wp-json\/wp\/v2\/types\/page"}],"author":[{"embeddable":true,"href":"http:\/\/www.astro.cortesi.ch\/index.php\/wp-json\/wp\/v2\/users\/1"}],"replies":[{"embeddable":true,"href":"http:\/\/www.astro.cortesi.ch\/index.php\/wp-json\/wp\/v2\/comments?post=343"}],"version-history":[{"count":3,"href":"http:\/\/www.astro.cortesi.ch\/index.php\/wp-json\/wp\/v2\/pages\/343\/revisions"}],"predecessor-version":[{"id":558,"href":"http:\/\/www.astro.cortesi.ch\/index.php\/wp-json\/wp\/v2\/pages\/343\/revisions\/558"}],"wp:attachment":[{"href":"http:\/\/www.astro.cortesi.ch\/index.php\/wp-json\/wp\/v2\/media?parent=343"}],"curies":[{"name":"wp","href":"https:\/\/api.w.org\/{rel}","templated":true}]}}