{"id":361,"date":"2023-02-24T15:36:08","date_gmt":"2023-02-24T14:36:08","guid":{"rendered":"http:\/\/www.astro.cortesi.ch\/?page_id=361"},"modified":"2023-02-28T08:04:33","modified_gmt":"2023-02-28T07:04:33","slug":"der-aszendent","status":"publish","type":"page","link":"http:\/\/www.astro.cortesi.ch\/index.php\/astrologisches\/der-aszendent\/","title":{"rendered":"Der Aszendent"},"content":{"rendered":"\n<p>Der Aszendent (AC) geh\u00f6rt zu den wichtigsten Horoskopfaktoren und geht in jede gute astrologische Deutung ein. Der Aszendent entspricht dem\u00a0<a href=\"http:\/\/www.astro.cortesi.ch\/index.php\/astrologisches\/der-tierkreis\/\" data-type=\"page\" data-id=\"309\">Tierkreiszeichen<\/a>, das zum Zeitpunkt und am Ort der Geburt am \u00f6stlichen Horizont aufsteigt. Das Wort Aszendent ist mit dem italienischen ascendere = aufsteigen verwandt.<\/p>\n\n\n\n<p><strong><br>Wie schnell wechselt der Aszendent?<\/strong><\/p>\n\n\n\n<p>Durch die t\u00e4gliche Drehung der Erde um die eigene Achse steigen in 24 Stunden alle Tierkreiszeichen einmal auf. Dementsprechend erscheint durchschnittlich alle zwei Stunden ein neues Tierkreiszeichen am Osthorizont. D.h. durchschnittlich alle zwei Stunden wechselt das Horoskop den Aszendenten.<\/p>\n\n\n\n<p>Dieser relativ rasche Wechsel ist einer von mehreren Gr\u00fcnden, warum f\u00fcr eine gute astrologische Interpretation ein pr\u00e4zise berechnetes Horoskop mit genauer Angabe von Geburtszeit und \u2013ort so wichtig ist. Wegen des raschen Wechsels des Aszendenten haben zwei Menschen, selbst wenn sie am selben Ort und Tag geboren sind, nur in den seltensten F\u00e4llen das gleiche Horoskop.<\/p>\n\n\n\n<p><strong><br>Wo befindet sich der Aszendenten im Horoskop?<\/strong><\/p>\n\n\n\n<p>Der Aszendent &#8211; das Tierkreiszeichen, das am Osthorizont aufsteigt, befindet sich auf der linken Seite des\u00a0Horoskops\u00a0in &#8222;9 Uhr-Stellung&#8220; und ist mit AC (=Aszendent) gekennzeichnet.<\/p>\n\n\n\n<figure class=\"wp-block-image aligncenter size-full\"><img loading=\"lazy\" decoding=\"async\" width=\"300\" height=\"310\" src=\"http:\/\/www.astro.cortesi.ch\/wp-content\/uploads\/2023\/02\/wi_stepac.gif\" alt=\"\" class=\"wp-image-277\"\/><\/figure>\n\n\n\n<p><strong>Die Eckpfeiler des Horoskops: Aszendent, Deszendent, MC und IC<\/strong><\/p>\n\n\n\n<p>Der Aszendent hat einen Gegenspieler: den Deszendenten. F\u00fcr jedes Tierkreiszeichen, das im Osten aufsteigt, geht das gegen\u00fcberliegende Tierkreiszeichen im Westen unter. Dieses Zeichen ist der Deszendent und symbolisiert die Mitmenschen und insbesondere den Partner.<\/p>\n\n\n\n<p>Der h\u00f6chste Punkt im Tierkreis (Schnittpunkt der Ekliptik mit dem Meridian) wird als MC (Medium Coeli oder Himmelsmitte) bezeichnet. Er steht f\u00fcr berufliche und gesellschaftliche Ziele.<\/p>\n\n\n\n<p>Sein Gegen\u00fcber, der tiefste Punkt im Horoskop, ist das IC (Imum Coeli oder Himmelstiefe. Ihm werden Elternhaus und emotionale Wurzeln zugeordnet.<\/p>\n\n\n\n<p><strong><br>Astrologische Bedeutung des Aszendenten<\/strong><\/p>\n\n\n\n<figure class=\"wp-block-image size-large\"><img loading=\"lazy\" decoding=\"async\" width=\"1024\" height=\"909\" src=\"http:\/\/www.astro.cortesi.ch\/wp-content\/uploads\/2023\/02\/AC-Masken-1024x909.jpg\" alt=\"\" class=\"wp-image-362\" srcset=\"http:\/\/www.astro.cortesi.ch\/wp-content\/uploads\/2023\/02\/AC-Masken-1024x909.jpg 1024w, http:\/\/www.astro.cortesi.ch\/wp-content\/uploads\/2023\/02\/AC-Masken-300x266.jpg 300w, http:\/\/www.astro.cortesi.ch\/wp-content\/uploads\/2023\/02\/AC-Masken-768x682.jpg 768w, http:\/\/www.astro.cortesi.ch\/wp-content\/uploads\/2023\/02\/AC-Masken.jpg 1536w\" sizes=\"auto, (max-width: 1024px) 100vw, 1024px\" \/><\/figure>\n\n\n\n<p>Der Aszendent hat eine \u00e4hnliche zentrale Bedeutung wie das Sonnenzeichen. Er symbolisiert das &#8222;Schaufenster&#8220; oder die &#8222;Maske&#8220; einer Pers\u00f6nlichkeit, das hei\u00dft alle Eigenschaften, die man prim\u00e4r nach au\u00dfen zeigt und die ein anderer zuerst an einem sieht. Damit sind nicht nur Aussehen und K\u00f6rperbau gemeint, sondern auch Verhaltensweisen, die mehr einer Rolle oder Gewohnheit entspringen, als einem tieferen Bed\u00fcrfnis. Der Aszendent ist die Schnittstelle zur Aussenwelt oder die \u00e4ussere \u201eVerkleidung&#8220;. Man zeigt die Eigenschaften des Aszendenten-Zeichens. Der Aszendent symbolisiert das, was andere in den ersten f\u00fcnf Minuten von einem Menschen wahrnehmen. Ein Widder-Aszendent geht spontan und tatkr\u00e4ftig auf die Umwelt zu, ein Zwillinge-Aszendent informiert sich und ein Steinbock-Aszendent geht nach einem Plan vor.<\/p>\n\n\n\n<p>Das Zeichen am Aszendenten wirkt auch in umgekehrter Richtung. Bildlich gesprochen ist es so, als ob man eine mit den Aszendenten-Eigenschaften eingef\u00e4rbte Brille tragen w\u00fcrde. In der Umwelt nimmt man bevorzugt die Eigenschaften des Aszendenten wahr und interpretiert Situationen aus der Sicht des eigenen Aszendenten. Ein Widder-Aszendent sieht die Herausforderungen, ein Zwillinge-Aszendent die neuen und interessanten Dinge und ein Steinbock-Aszendent die Verantwortung.<\/p>\n\n\n\n<figure class=\"wp-block-table is-style-regular\"><table><tbody><tr><td><strong><em>Aszenent im Zeichen<\/em><\/strong><\/td><td><strong><em>Wie zeigt er sich?<\/em><\/strong><\/td><\/tr><tr><td>Aszendent Widder<\/td><td>setzt sich durch<\/td><\/tr><tr><td>Aszendent in Stier<\/td><td>grenzt sich ab<\/td><\/tr><tr><td>Aszendent in Zwillinge<\/td><td>informiert sich<\/td><\/tr><tr><td>Aszendent in Krebs<\/td><td>lehnt sich an<\/td><\/tr><tr><td>Aszendent in L\u00f6we<\/td><td>fordert Beachtung<\/td><\/tr><tr><td>Aszendent in Jungfrau<\/td><td>sieht das Detail<\/td><\/tr><tr><td>Aszendent in Waage<\/td><td>geht auf andere zu<\/td><\/tr><tr><td>Aszendent in Skorpion<\/td><td>beobachtet aus dem Hintergrund<\/td><\/tr><tr><td>Aszendent in Sch\u00fctze<\/td><td>vertritt eine eigene Meinung<\/td><\/tr><tr><td>Aszendent in Steinbockh\u00e4lt <\/td><td>h\u00e4lt sich an Prinzipien<\/td><\/tr><tr><td>Aszendent in Wassermann<\/td><td>liebt seine Unabh\u00e4ngigkeit<\/td><\/tr><tr><td>Aszendent in Fische<\/td><td>f\u00fchlt sich ein und passt sich an<\/td><\/tr><\/tbody><\/table><\/figure>\n","protected":false},"excerpt":{"rendered":"<p>Der Aszendent (AC) geh\u00f6rt zu den wichtigsten Horoskopfaktoren und geht in jede gute astrologische Deutung ein. Der Aszendent entspricht dem\u00a0Tierkreiszeichen, das zum Zeitpunkt und am Ort der Geburt am \u00f6stlichen Horizont aufsteigt. Das Wort Aszendent ist mit dem italienischen ascendere = aufsteigen verwandt. Wie schnell wechselt der Aszendent? Durch die t\u00e4gliche Drehung der Erde um [&hellip;]<\/p>\n","protected":false},"author":1,"featured_media":0,"parent":39,"menu_order":0,"comment_status":"closed","ping_status":"closed","template":"","meta":{"footnotes":""},"class_list":["post-361","page","type-page","status-publish","hentry"],"_links":{"self":[{"href":"http:\/\/www.astro.cortesi.ch\/index.php\/wp-json\/wp\/v2\/pages\/361","targetHints":{"allow":["GET"]}}],"collection":[{"href":"http:\/\/www.astro.cortesi.ch\/index.php\/wp-json\/wp\/v2\/pages"}],"about":[{"href":"http:\/\/www.astro.cortesi.ch\/index.php\/wp-json\/wp\/v2\/types\/page"}],"author":[{"embeddable":true,"href":"http:\/\/www.astro.cortesi.ch\/index.php\/wp-json\/wp\/v2\/users\/1"}],"replies":[{"embeddable":true,"href":"http:\/\/www.astro.cortesi.ch\/index.php\/wp-json\/wp\/v2\/comments?post=361"}],"version-history":[{"count":4,"href":"http:\/\/www.astro.cortesi.ch\/index.php\/wp-json\/wp\/v2\/pages\/361\/revisions"}],"predecessor-version":[{"id":577,"href":"http:\/\/www.astro.cortesi.ch\/index.php\/wp-json\/wp\/v2\/pages\/361\/revisions\/577"}],"up":[{"embeddable":true,"href":"http:\/\/www.astro.cortesi.ch\/index.php\/wp-json\/wp\/v2\/pages\/39"}],"wp:attachment":[{"href":"http:\/\/www.astro.cortesi.ch\/index.php\/wp-json\/wp\/v2\/media?parent=361"}],"curies":[{"name":"wp","href":"https:\/\/api.w.org\/{rel}","templated":true}]}}