{"id":367,"date":"2023-02-24T15:34:57","date_gmt":"2023-02-24T14:34:57","guid":{"rendered":"http:\/\/www.astro.cortesi.ch\/?page_id=367"},"modified":"2023-02-28T08:22:15","modified_gmt":"2023-02-28T07:22:15","slug":"das-zweite-haus","status":"publish","type":"page","link":"http:\/\/www.astro.cortesi.ch\/index.php\/das-zweite-haus\/","title":{"rendered":"Das zweite Haus"},"content":{"rendered":"\n<h4 class=\"wp-block-heading\">Erwerb und Besitz<\/h4>\n\n\n\n<figure class=\"wp-block-image size-full\"><img loading=\"lazy\" decoding=\"async\" width=\"300\" height=\"310\" src=\"http:\/\/www.astro.cortesi.ch\/wp-content\/uploads\/2023\/02\/sk_Haus02.gif\" alt=\"\" class=\"wp-image-368\"\/><figcaption class=\"wp-element-caption\">\u00a9 FIREBALL Astro-Guide<\/figcaption><\/figure>\n\n\n\n<p>Das zweite Haus entspricht dem\u00a0<a href=\"http:\/\/www.astro.cortesi.ch\/index.php\/das-tierkreiszeichen-stier\/\" data-type=\"page\" data-id=\"337\">Stierzeichen<\/a>.<br>Es symbolisiert den Umgang mit der materiellen Welt, mit Geld und Besitz sowie mit dem eigenen K\u00f6rper, den eigenen F\u00e4higkeiten und Talenten und dem daraus resultierenden Selbstwertgef\u00fchl.<\/p>\n\n\n\n<div style=\"height:10px\" aria-hidden=\"true\" class=\"wp-block-spacer\"><\/div>\n\n\n\n<p><strong>Mit Planeten im zweiten Haus werden folgende Lebensbereiche wichtig:<\/strong><\/p>\n\n\n\n<ul class=\"wp-block-list\">\n<li>Man m\u00f6chte eigenen Besitz erwerben, ihn verwalten und vermehren und wird auch durch entsprechende Situationen in der Umwelt immer wieder dazu aufgefordert.<\/li>\n\n\n\n<li>Es besteht ein Bed\u00fcrfnis, sich mit dem, was man hat, zu identifizieren, dies n\u00e4hrend und pflegend zu verwalten und daran festzuhalten. Man ist gleichsam, was man hat.<\/li>\n\n\n\n<li>Der Genu\u00df der materiellen und k\u00f6rperlichen Freuden des Lebens ist wichtig.<\/li>\n\n\n\n<li>Man strebt nach Sicherheit und hat das Bed\u00fcrfnis, sich eine gesicherte Lebensgrundlage zu schaffen.<\/li>\n<\/ul>\n\n\n\n<p><a href=\"http:\/\/www.astro.cortesi.ch\/index.php\/verwandtschaften-zwischen-zeichen-planeten-und-haeusern\/\" data-type=\"page\" data-id=\"494\">\u00dcbersicht\u00a0<\/a>\u00fcber Tierkreiszeichen, Planeten und H\u00e4user<\/p>\n","protected":false},"excerpt":{"rendered":"<p>Erwerb und Besitz Das zweite Haus entspricht dem\u00a0Stierzeichen.Es symbolisiert den Umgang mit der materiellen Welt, mit Geld und Besitz sowie mit dem eigenen K\u00f6rper, den eigenen F\u00e4higkeiten und Talenten und dem daraus resultierenden Selbstwertgef\u00fchl. Mit Planeten im zweiten Haus werden folgende Lebensbereiche wichtig: \u00dcbersicht\u00a0\u00fcber Tierkreiszeichen, Planeten und H\u00e4user<\/p>\n","protected":false},"author":1,"featured_media":0,"parent":0,"menu_order":0,"comment_status":"closed","ping_status":"closed","template":"","meta":{"footnotes":""},"class_list":["post-367","page","type-page","status-publish","hentry"],"_links":{"self":[{"href":"http:\/\/www.astro.cortesi.ch\/index.php\/wp-json\/wp\/v2\/pages\/367","targetHints":{"allow":["GET"]}}],"collection":[{"href":"http:\/\/www.astro.cortesi.ch\/index.php\/wp-json\/wp\/v2\/pages"}],"about":[{"href":"http:\/\/www.astro.cortesi.ch\/index.php\/wp-json\/wp\/v2\/types\/page"}],"author":[{"embeddable":true,"href":"http:\/\/www.astro.cortesi.ch\/index.php\/wp-json\/wp\/v2\/users\/1"}],"replies":[{"embeddable":true,"href":"http:\/\/www.astro.cortesi.ch\/index.php\/wp-json\/wp\/v2\/comments?post=367"}],"version-history":[{"count":5,"href":"http:\/\/www.astro.cortesi.ch\/index.php\/wp-json\/wp\/v2\/pages\/367\/revisions"}],"predecessor-version":[{"id":583,"href":"http:\/\/www.astro.cortesi.ch\/index.php\/wp-json\/wp\/v2\/pages\/367\/revisions\/583"}],"wp:attachment":[{"href":"http:\/\/www.astro.cortesi.ch\/index.php\/wp-json\/wp\/v2\/media?parent=367"}],"curies":[{"name":"wp","href":"https:\/\/api.w.org\/{rel}","templated":true}]}}