{"id":370,"date":"2023-02-24T15:18:56","date_gmt":"2023-02-24T14:18:56","guid":{"rendered":"http:\/\/www.astro.cortesi.ch\/?page_id=370"},"modified":"2023-02-28T08:24:06","modified_gmt":"2023-02-28T07:24:06","slug":"das-dritte-haus","status":"publish","type":"page","link":"http:\/\/www.astro.cortesi.ch\/index.php\/das-dritte-haus\/","title":{"rendered":"Das dritte Haus"},"content":{"rendered":"\n<h4 class=\"wp-block-heading\">Kommunikation und Lernen<\/h4>\n\n\n\n<figure class=\"wp-block-image size-full\"><img loading=\"lazy\" decoding=\"async\" width=\"300\" height=\"310\" src=\"http:\/\/www.astro.cortesi.ch\/wp-content\/uploads\/2023\/02\/sk_Haus03.gif\" alt=\"\" class=\"wp-image-371\"\/><figcaption class=\"wp-element-caption\">\u00a9 FIREBALL Astro-Guide<\/figcaption><\/figure>\n\n\n\n<p>Das dritte Haus entspricht dem\u00a0<a href=\"http:\/\/www.astro.cortesi.ch\/index.php\/das-tierkreiszeichen-zwillinge\/\" data-type=\"page\" data-id=\"341\">Zwillingezeichen<\/a>.<br><br>Es symbolisiert Kommunikation, Denken und Lernen, den Gebrauch von Logik und Vernunft, Kontaktaufnahme und Austausch von Informationen. Medien, Handel, Geschwister und Nachbarn entsprechen symbolisch ebenfalls dem dritten Haus.<\/p>\n\n\n\n<div style=\"height:10px\" aria-hidden=\"true\" class=\"wp-block-spacer\"><\/div>\n\n\n\n<p><strong>Mit Planeten im dritten Haus werden folgende Lebensbereiche wichtig:<\/strong><\/p>\n\n\n\n<ul class=\"wp-block-list\">\n<li>Man m\u00f6chte Kontakt mit anderen Menschen schlie\u00dfen und das Gespr\u00e4ch suchen. Dabei ist der Inhalt ausgesprochen sachlicher Natur. Es geht nicht um pers\u00f6nliche N\u00e4he, sondern um den Austausch von Information und der Befriedigung von Wissensdurst und Neugierde.<\/li>\n\n\n\n<li>Es besteht ein Bed\u00fcrfnis nach Information, beispielsweise durch B\u00fccher, Zeitungen, den t\u00e4glichen Austausch mit Nachbarn und Kollegen oder berufliche Aus- und Weiterbildung.<\/li>\n\n\n\n<li>Kommunikation und Wissensvermittlung k\u00f6nnen zu zentralen Lebensbereichen werden, ebenso auch Handel oder Medien.<\/li>\n<\/ul>\n\n\n\n<p>Oftmals sind es \u00e4u\u00dfere Situationen und andere Menschen, die einen auffordern, sich mit den oben genannten Bereichen auseinanderzusetzen.<\/p>\n\n\n\n<p><a href=\"http:\/\/www.astro.cortesi.ch\/index.php\/verwandtschaften-zwischen-zeichen-planeten-und-haeusern\/\" data-type=\"page\" data-id=\"494\">\u00dcbersicht\u00a0<\/a>\u00fcber Tierkreiszeichen, Planeten und H\u00e4user<\/p>\n","protected":false},"excerpt":{"rendered":"<p>Kommunikation und Lernen Das dritte Haus entspricht dem\u00a0Zwillingezeichen. Es symbolisiert Kommunikation, Denken und Lernen, den Gebrauch von Logik und Vernunft, Kontaktaufnahme und Austausch von Informationen. Medien, Handel, Geschwister und Nachbarn entsprechen symbolisch ebenfalls dem dritten Haus. Mit Planeten im dritten Haus werden folgende Lebensbereiche wichtig: Oftmals sind es \u00e4u\u00dfere Situationen und andere Menschen, die einen [&hellip;]<\/p>\n","protected":false},"author":1,"featured_media":0,"parent":0,"menu_order":0,"comment_status":"closed","ping_status":"closed","template":"","meta":{"footnotes":""},"class_list":["post-370","page","type-page","status-publish","hentry"],"_links":{"self":[{"href":"http:\/\/www.astro.cortesi.ch\/index.php\/wp-json\/wp\/v2\/pages\/370","targetHints":{"allow":["GET"]}}],"collection":[{"href":"http:\/\/www.astro.cortesi.ch\/index.php\/wp-json\/wp\/v2\/pages"}],"about":[{"href":"http:\/\/www.astro.cortesi.ch\/index.php\/wp-json\/wp\/v2\/types\/page"}],"author":[{"embeddable":true,"href":"http:\/\/www.astro.cortesi.ch\/index.php\/wp-json\/wp\/v2\/users\/1"}],"replies":[{"embeddable":true,"href":"http:\/\/www.astro.cortesi.ch\/index.php\/wp-json\/wp\/v2\/comments?post=370"}],"version-history":[{"count":6,"href":"http:\/\/www.astro.cortesi.ch\/index.php\/wp-json\/wp\/v2\/pages\/370\/revisions"}],"predecessor-version":[{"id":585,"href":"http:\/\/www.astro.cortesi.ch\/index.php\/wp-json\/wp\/v2\/pages\/370\/revisions\/585"}],"wp:attachment":[{"href":"http:\/\/www.astro.cortesi.ch\/index.php\/wp-json\/wp\/v2\/media?parent=370"}],"curies":[{"name":"wp","href":"https:\/\/api.w.org\/{rel}","templated":true}]}}