{"id":377,"date":"2023-02-24T15:33:24","date_gmt":"2023-02-24T14:33:24","guid":{"rendered":"http:\/\/www.astro.cortesi.ch\/?page_id=377"},"modified":"2023-02-28T08:26:09","modified_gmt":"2023-02-28T07:26:09","slug":"das-vierte-haus","status":"publish","type":"page","link":"http:\/\/www.astro.cortesi.ch\/index.php\/das-vierte-haus\/","title":{"rendered":"Das vierte Haus"},"content":{"rendered":"\n<h4 class=\"wp-block-heading\">Herkunft und Familie<\/h4>\n\n\n\n<figure class=\"wp-block-image size-full\"><img loading=\"lazy\" decoding=\"async\" width=\"300\" height=\"310\" src=\"http:\/\/www.astro.cortesi.ch\/wp-content\/uploads\/2023\/02\/sk_Haus04.gif\" alt=\"\" class=\"wp-image-378\"\/><figcaption class=\"wp-element-caption\">\u00a9 FIREBALL Astro-Guide<\/figcaption><\/figure>\n\n\n\n<p>Das vierte Haus entspricht dem\u00a0<a href=\"http:\/\/www.astro.cortesi.ch\/index.php\/das-tierkreiszeichen-krebs\/\" data-type=\"page\" data-id=\"343\">Krebszeichen<\/a>.<br>Es symbolisiert das Bed\u00fcrfnis nach Familie, Heim und Privatsph\u00e4re sowie der R\u00fcckverbindung zu den eigenen emotionalen Wurzeln.<\/p>\n\n\n\n<div style=\"height:10px\" aria-hidden=\"true\" class=\"wp-block-spacer\"><\/div>\n\n\n\n<p><strong>Mit Planeten im vierten Haus werden folgende Lebensbereiche wichtig:<\/strong><\/p>\n\n\n\n<ul class=\"wp-block-list\">\n<li>Man braucht eine wohlige Privatsph\u00e4re, in der man vor den St\u00fcrmen des Lebens wie in einem sicheren Hafen auftanken und sich erholen kann.<\/li>\n\n\n\n<li>Die Suche nach Geborgenheit im famili\u00e4ren Umfeld sowie in den Tiefen der eigenen Seele ist wichtig.<\/li>\n\n\n\n<li>Man hat das Bed\u00fcrfnis oder wird durch \u00e4u\u00dfere Umst\u00e4nde aufgefordert, eine f\u00fcrsorgliche Funktion auszu\u00fcben, sei dies in der eigenen Familie oder in einem Beruf mit einer familien\u00e4hnlichen Struktur, beispielsweise Heimleiter.<\/li>\n\n\n\n<li>Die Pr\u00e4gung durch die Herkunftsfamilie und die innere oder \u00e4u\u00dfere Verbindung mit ihr sind au\u00dferordentlich stark.<\/li>\n<\/ul>\n\n\n\n<p><a href=\"http:\/\/www.astro.cortesi.ch\/index.php\/verwandtschaften-zwischen-zeichen-planeten-und-haeusern\/\" data-type=\"page\" data-id=\"494\">\u00dcbersicht\u00a0<\/a>\u00fcber Tierkreiszeichen, Planeten und H\u00e4user<\/p>\n","protected":false},"excerpt":{"rendered":"<p>Herkunft und Familie Das vierte Haus entspricht dem\u00a0Krebszeichen.Es symbolisiert das Bed\u00fcrfnis nach Familie, Heim und Privatsph\u00e4re sowie der R\u00fcckverbindung zu den eigenen emotionalen Wurzeln. Mit Planeten im vierten Haus werden folgende Lebensbereiche wichtig: \u00dcbersicht\u00a0\u00fcber Tierkreiszeichen, Planeten und H\u00e4user<\/p>\n","protected":false},"author":1,"featured_media":0,"parent":0,"menu_order":0,"comment_status":"closed","ping_status":"closed","template":"","meta":{"footnotes":""},"class_list":["post-377","page","type-page","status-publish","hentry"],"_links":{"self":[{"href":"http:\/\/www.astro.cortesi.ch\/index.php\/wp-json\/wp\/v2\/pages\/377","targetHints":{"allow":["GET"]}}],"collection":[{"href":"http:\/\/www.astro.cortesi.ch\/index.php\/wp-json\/wp\/v2\/pages"}],"about":[{"href":"http:\/\/www.astro.cortesi.ch\/index.php\/wp-json\/wp\/v2\/types\/page"}],"author":[{"embeddable":true,"href":"http:\/\/www.astro.cortesi.ch\/index.php\/wp-json\/wp\/v2\/users\/1"}],"replies":[{"embeddable":true,"href":"http:\/\/www.astro.cortesi.ch\/index.php\/wp-json\/wp\/v2\/comments?post=377"}],"version-history":[{"count":4,"href":"http:\/\/www.astro.cortesi.ch\/index.php\/wp-json\/wp\/v2\/pages\/377\/revisions"}],"predecessor-version":[{"id":587,"href":"http:\/\/www.astro.cortesi.ch\/index.php\/wp-json\/wp\/v2\/pages\/377\/revisions\/587"}],"wp:attachment":[{"href":"http:\/\/www.astro.cortesi.ch\/index.php\/wp-json\/wp\/v2\/media?parent=377"}],"curies":[{"name":"wp","href":"https:\/\/api.w.org\/{rel}","templated":true}]}}