{"id":384,"date":"2023-02-24T15:23:12","date_gmt":"2023-02-24T14:23:12","guid":{"rendered":"http:\/\/www.astro.cortesi.ch\/?page_id=384"},"modified":"2023-02-28T08:29:29","modified_gmt":"2023-02-28T07:29:29","slug":"das-sechste-haus","status":"publish","type":"page","link":"http:\/\/www.astro.cortesi.ch\/index.php\/das-sechste-haus\/","title":{"rendered":"Das sechste Haus"},"content":{"rendered":"\n<h4 class=\"wp-block-heading\">Alltag und Arbeit<\/h4>\n\n\n\n<figure class=\"wp-block-image size-full\"><img loading=\"lazy\" decoding=\"async\" width=\"300\" height=\"310\" src=\"http:\/\/www.astro.cortesi.ch\/wp-content\/uploads\/2023\/02\/sk_Haus06.gif\" alt=\"\" class=\"wp-image-385\"\/><figcaption class=\"wp-element-caption\">\u00a9 FIREBALL Astro-Guide<\/figcaption><\/figure>\n\n\n\n<p>Das sechste Haus entspricht dem\u00a0<a href=\"http:\/\/www.astro.cortesi.ch\/index.php\/das-tierkreiszeichen-jungfrau\/\" data-type=\"page\" data-id=\"347\">Jungfrauzeichen<\/a>.<br>Es symbolisiert ein Bed\u00fcrfnis, auf der materiellen Ebene zu lernen, durch den Dienst an der Sache die reale Existenz zu bew\u00e4ltigen und die k\u00f6rperliche Gesundheit zu erhalten. Letztlich ist das Ziel der Einklang von K\u00f6rper und Seele.<\/p>\n\n\n\n<div style=\"height:10px\" aria-hidden=\"true\" class=\"wp-block-spacer\"><\/div>\n\n\n\n<p><strong>Mit Planeten im sechsten Haus werden folgende Lebensbereiche wichtig:<\/strong><\/p>\n\n\n\n<ul class=\"wp-block-list\">\n<li>Der Alltag mit seinen Pflichten wird zur Aufmerksamkeit fordernden Aufgabe. Dazu geh\u00f6ren auch all die kleinen Dinge wie K\u00f6rperpflege, Kleidung oder Haushaltsbudget.<\/li>\n\n\n\n<li>Man wird aufgefordert, der Realit\u00e4t ins Auge zu sehen und sie zu akzeptieren, wie sie ist. Der Arbeitsplatz und das soziale Umfeld, in dem man seine t\u00e4gliche Arbeit verrichtet, verlangen Beachtung und wollen so gestaltet werden, wie es dem eigenen Wesen entspricht.<\/li>\n\n\n\n<li>Man wird durch \u00e4u\u00dfere Begebenheiten immer wieder aufgefordert, Zeit und materielle Dinge einzuteilen und nutzbringend einzusetzen.<\/li>\n\n\n\n<li>Der K\u00f6rper will beachtet und gepflegt werden, beispielsweise durch gesunde Ern\u00e4hrung oder Fitne\u00dftraining.<\/li>\n\n\n\n<li>Man soll sich intensiv mit der materiellen Welt auseinandersetzen und den Alltag zu einer Art Ritual werden lassen, um dadurch K\u00f6rper und Seele in Einklang zu bringen.<\/li>\n<\/ul>\n\n\n\n<p><a href=\"http:\/\/www.astro.cortesi.ch\/index.php\/verwandtschaften-zwischen-zeichen-planeten-und-haeusern\/\" data-type=\"page\" data-id=\"494\">\u00dcbersicht\u00a0<\/a>\u00fcber Tierkreiszeichen, Planeten und H\u00e4user<\/p>\n","protected":false},"excerpt":{"rendered":"<p>Alltag und Arbeit Das sechste Haus entspricht dem\u00a0Jungfrauzeichen.Es symbolisiert ein Bed\u00fcrfnis, auf der materiellen Ebene zu lernen, durch den Dienst an der Sache die reale Existenz zu bew\u00e4ltigen und die k\u00f6rperliche Gesundheit zu erhalten. Letztlich ist das Ziel der Einklang von K\u00f6rper und Seele. Mit Planeten im sechsten Haus werden folgende Lebensbereiche wichtig: \u00dcbersicht\u00a0\u00fcber Tierkreiszeichen, [&hellip;]<\/p>\n","protected":false},"author":1,"featured_media":0,"parent":0,"menu_order":0,"comment_status":"closed","ping_status":"closed","template":"","meta":{"footnotes":""},"class_list":["post-384","page","type-page","status-publish","hentry"],"_links":{"self":[{"href":"http:\/\/www.astro.cortesi.ch\/index.php\/wp-json\/wp\/v2\/pages\/384","targetHints":{"allow":["GET"]}}],"collection":[{"href":"http:\/\/www.astro.cortesi.ch\/index.php\/wp-json\/wp\/v2\/pages"}],"about":[{"href":"http:\/\/www.astro.cortesi.ch\/index.php\/wp-json\/wp\/v2\/types\/page"}],"author":[{"embeddable":true,"href":"http:\/\/www.astro.cortesi.ch\/index.php\/wp-json\/wp\/v2\/users\/1"}],"replies":[{"embeddable":true,"href":"http:\/\/www.astro.cortesi.ch\/index.php\/wp-json\/wp\/v2\/comments?post=384"}],"version-history":[{"count":5,"href":"http:\/\/www.astro.cortesi.ch\/index.php\/wp-json\/wp\/v2\/pages\/384\/revisions"}],"predecessor-version":[{"id":591,"href":"http:\/\/www.astro.cortesi.ch\/index.php\/wp-json\/wp\/v2\/pages\/384\/revisions\/591"}],"wp:attachment":[{"href":"http:\/\/www.astro.cortesi.ch\/index.php\/wp-json\/wp\/v2\/media?parent=384"}],"curies":[{"name":"wp","href":"https:\/\/api.w.org\/{rel}","templated":true}]}}