{"id":427,"date":"2023-02-24T15:54:00","date_gmt":"2023-02-24T14:54:00","guid":{"rendered":"http:\/\/www.astro.cortesi.ch\/?page_id=427"},"modified":"2023-03-01T07:09:34","modified_gmt":"2023-03-01T06:09:34","slug":"venus","status":"publish","type":"page","link":"http:\/\/www.astro.cortesi.ch\/index.php\/venus\/","title":{"rendered":"Venus"},"content":{"rendered":"\n<figure class=\"wp-block-image size-full\"><img loading=\"lazy\" decoding=\"async\" width=\"49\" height=\"49\" src=\"http:\/\/www.astro.cortesi.ch\/wp-content\/uploads\/2023\/02\/venus.gif\" alt=\"\" class=\"wp-image-410\"\/><\/figure>\n\n\n\n<p>Neben Sonne und Mond leuchtet die Venus als hellstes Gestirn am Himmel. Ihre Umlaufzeit um die Sonne betr\u00e4gt 225 Tage. Aus dem Sichtwinkel der Erde entfernt sie sich maximal 48\u00b0 von der Sonne.<\/p>\n\n\n\n<p>Wenn die Venus als Morgen- oder Abendstern hell am Himmel funkelt, so ist sie in der Realit\u00e4t genauso wie als astrologisches Symbol Ausdruck von Harmonie und Sch\u00f6nheit. Sie steht f\u00fcr das Bed\u00fcrfnis nach Ausgleich und Gemeinsamkeit, f\u00fcr das Bestreben, Br\u00fccken zu schlagen. Sie ist ein ausgesprochen weibliches und erotisches Prinzip und entspricht dem Teil in uns, der sich nach einem Du sehnt, Beziehungen sucht und schafft und sich f\u00fcr alles Sch\u00f6ne im Leben \u00f6ffnen und es genie\u00dfen kann.<\/p>\n\n\n\n<p>Der Venus-Teil in uns m\u00f6chte Ausgleich schaffen (nicht zu verwechseln mit Ausgleich haben!)<\/p>\n\n\n\n<p>Im Positiven entspricht dies einem Bestreben, auf andere Menschen zuzugehen, das Verbindende hervorzuheben, zu vermitteln und Harmonie und Sch\u00f6nheit zu schaffen.<\/p>\n\n\n\n<p>Eine verzerrte Form ist \u00fcberm\u00e4\u00dfige Anpassung aus Angst vor Harmonieverlust. Auch Passivit\u00e4t und Bequemlichkeit k\u00f6nnen Folgen eines falsch verstandenen Harmoniebed\u00fcrfnisses sein, gem\u00e4\u00df dem Motto: wenn ich nichts bewege, kommt nichts aus dem Gleichgewicht.<\/p>\n\n\n\n<p>Die Venus symbolisiert die erotische, beziehungsorientierte Seite einer Frau und ihr Gef\u00fchl von Frau-Sein, sowie den erotischen Aspekt des Animabildes eines Mannes, gem\u00e4\u00df welchem er sich eine Partnerin aussucht.<\/p>\n\n\n\n<div style=\"height:10px\" aria-hidden=\"true\" class=\"wp-block-spacer\"><\/div>\n\n\n\n<p><strong>Der Venus-Pers\u00f6nlichkeitsteil fragt:<\/strong><\/p>\n\n\n\n<ul class=\"wp-block-list\">\n<li>Wie schaffe ich Kontakt? Mit wem?<\/li>\n\n\n\n<li>Wieviel N\u00e4he m\u00f6chte ich?<\/li>\n\n\n\n<li>Was bedeuten Sch\u00f6nheit, Genu\u00df und Erotik f\u00fcr mich?<\/li>\n\n\n\n<li>Wo gibt es \u00c4hnlichkeiten? (Mars: Wo gibt es Unterschiede?)<\/li>\n<\/ul>\n\n\n\n<p>Die Zeichen\u00a0<a href=\"http:\/\/www.astro.cortesi.ch\/index.php\/das-tierkreiszeichen-stier\/\" data-type=\"page\" data-id=\"337\">Stier\u00a0<\/a>und\u00a0<a href=\"http:\/\/www.astro.cortesi.ch\/index.php\/das-tierkreiszeichen-waage\/\" data-type=\"page\" data-id=\"349\">Waage\u00a0<\/a>sowie das\u00a0<a href=\"http:\/\/www.astro.cortesi.ch\/index.php\/das-zweite-haus\/\" data-type=\"page\" data-id=\"367\">zweite Haus\u00a0<\/a>und das\u00a0<a href=\"http:\/\/www.astro.cortesi.ch\/index.php\/das-siebte-haus\/\" data-type=\"page\" data-id=\"388\">siebte Haus\u00a0<\/a>werden der Venus zugeordnet.<\/p>\n\n\n\n<p><a href=\"http:\/\/www.astro.cortesi.ch\/index.php\/verwandtschaften-zwischen-zeichen-planeten-und-haeusern\/\" data-type=\"page\" data-id=\"494\">\u00dcbersicht\u00a0<\/a>\u00fcber Tierkreiszeichen, Planeten und H\u00e4user<\/p>\n","protected":false},"excerpt":{"rendered":"<p>Neben Sonne und Mond leuchtet die Venus als hellstes Gestirn am Himmel. Ihre Umlaufzeit um die Sonne betr\u00e4gt 225 Tage. Aus dem Sichtwinkel der Erde entfernt sie sich maximal 48\u00b0 von der Sonne. Wenn die Venus als Morgen- oder Abendstern hell am Himmel funkelt, so ist sie in der Realit\u00e4t genauso wie als astrologisches Symbol [&hellip;]<\/p>\n","protected":false},"author":1,"featured_media":0,"parent":0,"menu_order":0,"comment_status":"closed","ping_status":"closed","template":"","meta":{"footnotes":""},"class_list":["post-427","page","type-page","status-publish","hentry"],"_links":{"self":[{"href":"http:\/\/www.astro.cortesi.ch\/index.php\/wp-json\/wp\/v2\/pages\/427","targetHints":{"allow":["GET"]}}],"collection":[{"href":"http:\/\/www.astro.cortesi.ch\/index.php\/wp-json\/wp\/v2\/pages"}],"about":[{"href":"http:\/\/www.astro.cortesi.ch\/index.php\/wp-json\/wp\/v2\/types\/page"}],"author":[{"embeddable":true,"href":"http:\/\/www.astro.cortesi.ch\/index.php\/wp-json\/wp\/v2\/users\/1"}],"replies":[{"embeddable":true,"href":"http:\/\/www.astro.cortesi.ch\/index.php\/wp-json\/wp\/v2\/comments?post=427"}],"version-history":[{"count":4,"href":"http:\/\/www.astro.cortesi.ch\/index.php\/wp-json\/wp\/v2\/pages\/427\/revisions"}],"predecessor-version":[{"id":613,"href":"http:\/\/www.astro.cortesi.ch\/index.php\/wp-json\/wp\/v2\/pages\/427\/revisions\/613"}],"wp:attachment":[{"href":"http:\/\/www.astro.cortesi.ch\/index.php\/wp-json\/wp\/v2\/media?parent=427"}],"curies":[{"name":"wp","href":"https:\/\/api.w.org\/{rel}","templated":true}]}}