{"id":433,"date":"2023-02-24T15:52:07","date_gmt":"2023-02-24T14:52:07","guid":{"rendered":"http:\/\/www.astro.cortesi.ch\/?page_id=433"},"modified":"2023-03-01T07:18:03","modified_gmt":"2023-03-01T06:18:03","slug":"saturn","status":"publish","type":"page","link":"http:\/\/www.astro.cortesi.ch\/index.php\/saturn\/","title":{"rendered":"Saturn"},"content":{"rendered":"\n<figure class=\"wp-block-image size-full\"><img loading=\"lazy\" decoding=\"async\" width=\"49\" height=\"49\" src=\"http:\/\/www.astro.cortesi.ch\/wp-content\/uploads\/2023\/02\/saturn.gif\" alt=\"\" class=\"wp-image-413\"\/><\/figure>\n\n\n\n<p>Der Planet Saturn ben\u00f6tigt f\u00fcr einen Sonnenumlauf 28-30 Jahre. Das Besondere an ihm sind die Ringe, die aus einer Vielzahl von Felsbrocken bestehen.<\/p>\n\n\n\n<p>Saturn ist das astrologische Gegen- und Erg\u00e4nzungsprinzip des Jupiter. Er entspricht symbolisch der Peitsche, die den Esel vorw\u00e4rts treibt, w\u00e4hrend Jupiter die M\u00f6hre verk\u00f6rpert, die ihn vorw\u00e4rts lockt. Beide zusammen bringen den Menschen auf seinem Entwicklungsweg weiter.<\/p>\n\n\n\n<p>Saturn symbolisiert den erhobenen Zeigefinger in uns, die innere Instanz, mit der wir uns Grenzen setzen und Struktur und Disziplin von uns verlangen.<\/p>\n\n\n\n<p>Er ist ein Symbol f\u00fcr Gesetze und Regeln, f\u00fcr Stabilit\u00e4t und Sicherheit. Er fordert uns auf, Verantwortung zu tragen und ausdauernd auf ein Ziel hin zu arbeiten. Wir bekommen nichts geschenkt, d\u00fcrfen jedoch darauf bauen, da\u00df harte Arbeit schlie\u00dflich ihre Fr\u00fcchte bringt.<\/p>\n\n\n\n<p>Oft ist unser Saturnteil sehr starr, und dann blockieren wir uns selbst. Wenn wir jedoch im Laufe der Jahre gelernt haben, unsere \u00c4ngste und unseren Perfektionsanspruch abzubauen, werden wir Saturn vor allem als innere Stabilit\u00e4t und Sicherheit erleben. Er symbolisiert im konkreten und im \u00fcbertrage-nen Sinn unser R\u00fcckgrat.<\/p>\n\n\n\n<p>Wenn wir Pflicht und Verantwortung nicht als Bestandteile unseres Lebens akzeptieren k\u00f6nnen und innerlich zu sehr Kind bleiben, so tritt der Saturn-Teil von au\u00dfen auf uns zu in Gestalt eines autorit\u00e4ren Vorgesetzten, Partners oder ein-schr\u00e4nkender gesellschaftlicher Normen. Anstatt da\u00df wir selbst Strukturen setzen, werden sie uns von au\u00dfen gesetzt.<\/p>\n\n\n\n<p>Mit Saturn ist Arbeit und \u00dcbung verbunden. Je besser wir durch harten Einsatz gelernt haben, den Saturn-Teil in uns zu akzeptieren und zu gebrauchen, desto besser kennen wir unsere Grenzen und k\u00f6nnen realistische M\u00f6glichkeiten von utopischen Wunschtr\u00e4umen unterscheiden und Schritt f\u00fcr Schritt verwirklichen.<\/p>\n\n\n\n<div style=\"height:10px\" aria-hidden=\"true\" class=\"wp-block-spacer\"><\/div>\n\n\n\n<p><strong>Der Saturn-Pers\u00f6nlichkeitsteil fragt:<\/strong><\/p>\n\n\n\n<ul class=\"wp-block-list\">\n<li>\u00dcbernehme ich die Verantwortung f\u00fcr mein Leben, mein Tun und mein Nichttun?<\/li>\n\n\n\n<li>Wo sind meine Grenzen? \u00dcbertrete ich sie oder nutze ich meinen Spielraum zuwenig?<\/li>\n\n\n\n<li>Wo lasse ich mich durch &#8222;man sollte&#8230;&#8220; und &#8222;man tut&#8230;&#8220; einschr\u00e4nken?<\/li>\n<\/ul>\n\n\n\n<p>Das Zeichen\u00a0<a href=\"http:\/\/www.astro.cortesi.ch\/index.php\/das-tierkreiszeichen-steinbock\/\" data-type=\"page\" data-id=\"355\">Steinbock\u00a0<\/a>und das\u00a0<a href=\"http:\/\/www.astro.cortesi.ch\/index.php\/das-zehnte-haus\/\" data-type=\"page\" data-id=\"397\">zehnte Haus\u00a0<\/a>werden dem Saturn zugeordnet.<\/p>\n\n\n\n<p><a href=\"http:\/\/www.astro.cortesi.ch\/index.php\/verwandtschaften-zwischen-zeichen-planeten-und-haeusern\/\" data-type=\"page\" data-id=\"494\">\u00dcbersicht\u00a0<\/a>\u00fcber Tierkreiszeichen, Planeten und H\u00e4user<\/p>\n","protected":false},"excerpt":{"rendered":"<p>Der Planet Saturn ben\u00f6tigt f\u00fcr einen Sonnenumlauf 28-30 Jahre. Das Besondere an ihm sind die Ringe, die aus einer Vielzahl von Felsbrocken bestehen. Saturn ist das astrologische Gegen- und Erg\u00e4nzungsprinzip des Jupiter. Er entspricht symbolisch der Peitsche, die den Esel vorw\u00e4rts treibt, w\u00e4hrend Jupiter die M\u00f6hre verk\u00f6rpert, die ihn vorw\u00e4rts lockt. Beide zusammen bringen den [&hellip;]<\/p>\n","protected":false},"author":1,"featured_media":0,"parent":0,"menu_order":0,"comment_status":"closed","ping_status":"closed","template":"","meta":{"footnotes":""},"class_list":["post-433","page","type-page","status-publish","hentry"],"_links":{"self":[{"href":"http:\/\/www.astro.cortesi.ch\/index.php\/wp-json\/wp\/v2\/pages\/433","targetHints":{"allow":["GET"]}}],"collection":[{"href":"http:\/\/www.astro.cortesi.ch\/index.php\/wp-json\/wp\/v2\/pages"}],"about":[{"href":"http:\/\/www.astro.cortesi.ch\/index.php\/wp-json\/wp\/v2\/types\/page"}],"author":[{"embeddable":true,"href":"http:\/\/www.astro.cortesi.ch\/index.php\/wp-json\/wp\/v2\/users\/1"}],"replies":[{"embeddable":true,"href":"http:\/\/www.astro.cortesi.ch\/index.php\/wp-json\/wp\/v2\/comments?post=433"}],"version-history":[{"count":4,"href":"http:\/\/www.astro.cortesi.ch\/index.php\/wp-json\/wp\/v2\/pages\/433\/revisions"}],"predecessor-version":[{"id":619,"href":"http:\/\/www.astro.cortesi.ch\/index.php\/wp-json\/wp\/v2\/pages\/433\/revisions\/619"}],"wp:attachment":[{"href":"http:\/\/www.astro.cortesi.ch\/index.php\/wp-json\/wp\/v2\/media?parent=433"}],"curies":[{"name":"wp","href":"https:\/\/api.w.org\/{rel}","templated":true}]}}