{"id":437,"date":"2023-02-24T15:50:50","date_gmt":"2023-02-24T14:50:50","guid":{"rendered":"http:\/\/www.astro.cortesi.ch\/?page_id=437"},"modified":"2023-03-01T07:30:21","modified_gmt":"2023-03-01T06:30:21","slug":"neptun","status":"publish","type":"page","link":"http:\/\/www.astro.cortesi.ch\/index.php\/neptun\/","title":{"rendered":"Neptun"},"content":{"rendered":"\n<figure class=\"wp-block-image size-full\"><img loading=\"lazy\" decoding=\"async\" width=\"49\" height=\"49\" src=\"http:\/\/www.astro.cortesi.ch\/wp-content\/uploads\/2023\/02\/neptun.gif\" alt=\"\" class=\"wp-image-414\"\/><\/figure>\n\n\n\n<p>Mit einer durchschnittlichen Sonnenentfernung von 4,5 Milliarden Kilometern ist der Planet Neptun noch ein gutes St\u00fcck weiter entfernt als der Uranus. Er wurde erst 1846 entdeckt. Seine Umlaufzeit betr\u00e4gt 164 Jahre.<\/p>\n\n\n\n<p>Neptun verk\u00f6rpert ein h\u00f6heres Prinzip der Venus, das man mit All-Liebe oder g\u00f6ttlicher Liebe umschreiben k\u00f6nnte. Neptun bedeutet die Sehnsucht nach Geborgenheit durch die Aufl\u00f6sung des Egos und das intuitive Wissen, als Tropfen zum Meer zu geh\u00f6ren und eins mit ihm zu sein.<\/p>\n\n\n\n<p>Neptun symbolisiert den mystischen Teil in uns, der die Grenzen von Ich-Bewu\u00dftsein und Au\u00dfenwelt immer wieder aufl\u00f6st und uns erinnert, da\u00df wir Teil eines gr\u00f6\u00dferen Ganzen sind. Dieser Teil l\u00e4\u00dft uns die Sehnsucht nach einer anderen Welt versp\u00fcren und kann gleicherma\u00dfen Motivation sein f\u00fcr totale Hingabe und Hilfsbereitschaft, f\u00fcr Religion oder f\u00fcr Weltflucht und Sucht.<\/p>\n\n\n\n<p>Wir m\u00f6chten gleichsam zur\u00fcck ins Paradies. Doch wir m\u00fcssen akzeptieren, da\u00df uns h\u00f6chstens kurze Momente verg\u00f6nnt sind, in das Gef\u00fchl der Einheit einzutauchen. Gleichzeitig sind wir in diesen Momenten der totalen Hingabe sehr verletzlich.<\/p>\n\n\n\n<p>M\u00f6glichkeiten, dieser Seite unseres Wesens auf eine positive Weise Ausdruck zu verleihen, bieten uns vor allem k\u00fcnstlerische oder helfende Bet\u00e4tigungen.<\/p>\n\n\n\n<p>Problematisch wird es, wenn wir Hingabe mit einer falschen Opferbereitschaft und gegenseitigen Abh\u00e4ngigkeit verwechseln und meinen, allen helfen zu m\u00fcssen, oder wenn wir vor den Anforderungen des realen Lebens in eine innere Scheinwelt fl\u00fcchten und uns dazu von Drogen oder anderen Suchtmitteln abh\u00e4ngig machen.<\/p>\n\n\n\n<p>Wie Uranus l\u00e4\u00dft sich auch Neptun nicht kontrollieren. Wir k\u00f6nnen uns dieser Seite in uns nur \u00f6ffnen und hingeben und versuchen, die Erfahrungen in das Alltagsleben einflie\u00dfen zu lassen.<\/p>\n\n\n\n<p>Das Zeichen\u00a0<a href=\"http:\/\/www.astro.cortesi.ch\/index.php\/das-tierkreiszeichen-fische\/\" data-type=\"page\" data-id=\"359\">Fische\u00a0<\/a>und das\u00a0<a href=\"http:\/\/www.astro.cortesi.ch\/index.php\/das-zwoelfte-haus\/\" data-type=\"page\" data-id=\"403\">zw\u00f6lfte Haus\u00a0<\/a>werden dem Neptun zugeordnet.<\/p>\n\n\n\n<p><a href=\"http:\/\/www.astro.cortesi.ch\/index.php\/verwandtschaften-zwischen-zeichen-planeten-und-haeusern\/\" data-type=\"page\" data-id=\"494\">\u00dcbersicht\u00a0<\/a>\u00fcber Tierkreiszeichen, Planeten und H\u00e4user<\/p>\n","protected":false},"excerpt":{"rendered":"<p>Mit einer durchschnittlichen Sonnenentfernung von 4,5 Milliarden Kilometern ist der Planet Neptun noch ein gutes St\u00fcck weiter entfernt als der Uranus. Er wurde erst 1846 entdeckt. Seine Umlaufzeit betr\u00e4gt 164 Jahre. Neptun verk\u00f6rpert ein h\u00f6heres Prinzip der Venus, das man mit All-Liebe oder g\u00f6ttlicher Liebe umschreiben k\u00f6nnte. Neptun bedeutet die Sehnsucht nach Geborgenheit durch die [&hellip;]<\/p>\n","protected":false},"author":1,"featured_media":0,"parent":0,"menu_order":0,"comment_status":"closed","ping_status":"closed","template":"","meta":{"footnotes":""},"class_list":["post-437","page","type-page","status-publish","hentry"],"_links":{"self":[{"href":"http:\/\/www.astro.cortesi.ch\/index.php\/wp-json\/wp\/v2\/pages\/437","targetHints":{"allow":["GET"]}}],"collection":[{"href":"http:\/\/www.astro.cortesi.ch\/index.php\/wp-json\/wp\/v2\/pages"}],"about":[{"href":"http:\/\/www.astro.cortesi.ch\/index.php\/wp-json\/wp\/v2\/types\/page"}],"author":[{"embeddable":true,"href":"http:\/\/www.astro.cortesi.ch\/index.php\/wp-json\/wp\/v2\/users\/1"}],"replies":[{"embeddable":true,"href":"http:\/\/www.astro.cortesi.ch\/index.php\/wp-json\/wp\/v2\/comments?post=437"}],"version-history":[{"count":3,"href":"http:\/\/www.astro.cortesi.ch\/index.php\/wp-json\/wp\/v2\/pages\/437\/revisions"}],"predecessor-version":[{"id":625,"href":"http:\/\/www.astro.cortesi.ch\/index.php\/wp-json\/wp\/v2\/pages\/437\/revisions\/625"}],"wp:attachment":[{"href":"http:\/\/www.astro.cortesi.ch\/index.php\/wp-json\/wp\/v2\/media?parent=437"}],"curies":[{"name":"wp","href":"https:\/\/api.w.org\/{rel}","templated":true}]}}