{"id":439,"date":"2023-02-24T15:51:38","date_gmt":"2023-02-24T14:51:38","guid":{"rendered":"http:\/\/www.astro.cortesi.ch\/?page_id=439"},"modified":"2023-03-01T07:32:47","modified_gmt":"2023-03-01T06:32:47","slug":"pluto","status":"publish","type":"page","link":"http:\/\/www.astro.cortesi.ch\/index.php\/pluto\/","title":{"rendered":"Pluto"},"content":{"rendered":"\n<figure class=\"wp-block-image size-full\"><img loading=\"lazy\" decoding=\"async\" width=\"49\" height=\"49\" src=\"http:\/\/www.astro.cortesi.ch\/wp-content\/uploads\/2023\/02\/pluto.gif\" alt=\"\" class=\"wp-image-416\"\/><\/figure>\n\n\n\n<p>Der Pluto, der \u00e4u\u00dferste Planet unseres Sonnensystems (astrologisch gilt Pluto nach wie vor als Planet im Unterschied zu Astronomie), wurde 1930 entdeckt, nachdem man aufgrund von Berechnungen jahrelang nach ihm gesucht hatte. Die Entfernung zur Sonne betr\u00e4gt zwischen 4 und 7 Milliarden Kilometern. Der Pluto braucht 250 Jahre, um die Sonne einmal zu umkreisen.<\/p>\n\n\n\n<p>Astrologisch gilt Pluto als die h\u00f6here Oktave von Mars. Mythologisch wird er mit Hades, dem Gott der Unterwelt, gleichgesetzt.<\/p>\n\n\n\n<p>Er symbolisiert den radikalsten, energiereichsten und leidenschaftlichsten Teil unserer Pers\u00f6nlichkeit, der, gerade weil er so aufs Ganze aus ist, auch Angst ausl\u00f6st. So empfinden wir diese Seite in uns oft als &#8222;dunkel&#8220; und wenden uns innerlich davon ab. Wir unterdr\u00fccken dann diesen intensiven Teil mit etwa dem gleichen Effekt, wie wenn wir den Deckel auf eine Pfanne mit kochendem Wasser dr\u00fccken; wir verbrennen uns die Finger. Erst wenn wir diesen kompromi\u00dflosen und intensiven Teil in uns akzeptieren und mit ihm umzugehen lernen, finden wir Zugang zu seiner Kraft und Lebendigkeit. Dann kann gerade dieser Teil ein enormes Energiepotential entfalten und uns \u00fcber tiefe Krisen hinwegf\u00fchren.<\/p>\n\n\n\n<p>So ist Pluto gleichzeitig ein erschaffendes und zerst\u00f6rendes Prinzip und steht symbolisch f\u00fcr die polaren Gegens\u00e4tze von Licht und Finsternis, Macht und Ohnmacht oder Geburt und Tod.<\/p>\n\n\n\n<p>Er verlangt von uns, da\u00df wir jederzeit alles loslassen, ohne zu wissen, was auf uns zukommt. Dadurch wird eine L\u00e4uterung zutiefst in der Seele m\u00f6glich, und wir erheben uns schlie\u00dflich wie Ph\u00f6nix aus der Asche um einiges reifer als vorher.<\/p>\n\n\n\n<p>Die erste plutonische Erfahrung, die wir alle durchmachen, ist die Geburt. In jedem Leben folgen noch viele tiefsch\u00fcrfende Erlebnisse, die sehr sch\u00f6n oder sehr traumatisch sein k\u00f6nnen, uns jedoch keinesfalls unber\u00fchrt lassen. Eine konkrete Ausdrucksform der plutonischen Energie ist Macht. Sind wir in der Stellung des Starken, so besteht die Aufforderung darin, die Macht zum Wohle aller einzusetzen und nicht f\u00fcr Egozwecke zu mi\u00dfbrauchen. Stehen wir in der Opferrolle, so geht es darum, zur eigenen St\u00e4rke zu stehen.<\/p>\n\n\n\n<p>Sexualit\u00e4t ist ein weiterer Bereich, der Pluto zugeordnet ist, fordert sie doch ein Loslassen, eignet sich vorz\u00fcglich f\u00fcr subtile Machtspiele und w\u00fchlt uns zutiefst auf.<\/p>\n\n\n\n<p>Der Pluto-Teil in uns l\u00e4\u00dft sich nicht beherrschen oder kontrollieren, sondern wir k\u00f6nnen ihn nur annehmen und gleichsam seinen Willen erf\u00fcllen.<\/p>\n\n\n\n<p>Das Zeichen\u00a0<a href=\"http:\/\/www.astro.cortesi.ch\/index.php\/das-tierkreiszeichen-skorpion\/\" data-type=\"page\" data-id=\"351\">Skorpion\u00a0<\/a>und das\u00a0<a href=\"http:\/\/www.astro.cortesi.ch\/index.php\/das-achte-haus\/\" data-type=\"page\" data-id=\"391\">achte Haus\u00a0<\/a>werden dem Pluto zugeordnet.<\/p>\n\n\n\n<p><a href=\"http:\/\/www.astro.cortesi.ch\/index.php\/verwandtschaften-zwischen-zeichen-planeten-und-haeusern\/\" data-type=\"page\" data-id=\"494\">\u00dcbersicht\u00a0<\/a>\u00fcber Tierkreiszeichen, Planeten und H\u00e4user<\/p>\n","protected":false},"excerpt":{"rendered":"<p>Der Pluto, der \u00e4u\u00dferste Planet unseres Sonnensystems (astrologisch gilt Pluto nach wie vor als Planet im Unterschied zu Astronomie), wurde 1930 entdeckt, nachdem man aufgrund von Berechnungen jahrelang nach ihm gesucht hatte. Die Entfernung zur Sonne betr\u00e4gt zwischen 4 und 7 Milliarden Kilometern. Der Pluto braucht 250 Jahre, um die Sonne einmal zu umkreisen. Astrologisch [&hellip;]<\/p>\n","protected":false},"author":1,"featured_media":0,"parent":0,"menu_order":0,"comment_status":"closed","ping_status":"closed","template":"","meta":{"footnotes":""},"class_list":["post-439","page","type-page","status-publish","hentry"],"_links":{"self":[{"href":"http:\/\/www.astro.cortesi.ch\/index.php\/wp-json\/wp\/v2\/pages\/439","targetHints":{"allow":["GET"]}}],"collection":[{"href":"http:\/\/www.astro.cortesi.ch\/index.php\/wp-json\/wp\/v2\/pages"}],"about":[{"href":"http:\/\/www.astro.cortesi.ch\/index.php\/wp-json\/wp\/v2\/types\/page"}],"author":[{"embeddable":true,"href":"http:\/\/www.astro.cortesi.ch\/index.php\/wp-json\/wp\/v2\/users\/1"}],"replies":[{"embeddable":true,"href":"http:\/\/www.astro.cortesi.ch\/index.php\/wp-json\/wp\/v2\/comments?post=439"}],"version-history":[{"count":3,"href":"http:\/\/www.astro.cortesi.ch\/index.php\/wp-json\/wp\/v2\/pages\/439\/revisions"}],"predecessor-version":[{"id":627,"href":"http:\/\/www.astro.cortesi.ch\/index.php\/wp-json\/wp\/v2\/pages\/439\/revisions\/627"}],"wp:attachment":[{"href":"http:\/\/www.astro.cortesi.ch\/index.php\/wp-json\/wp\/v2\/media?parent=439"}],"curies":[{"name":"wp","href":"https:\/\/api.w.org\/{rel}","templated":true}]}}