{"id":521,"date":"2023-02-26T08:40:08","date_gmt":"2023-02-26T07:40:08","guid":{"rendered":"http:\/\/www.astro.cortesi.ch\/?page_id=521"},"modified":"2023-03-01T08:09:19","modified_gmt":"2023-03-01T07:09:19","slug":"wie-lese-ich-ein-horoskop","status":"publish","type":"page","link":"http:\/\/www.astro.cortesi.ch\/index.php\/wie-lese-ich-ein-horoskop\/","title":{"rendered":"Wie lese ich ein Horoskop?"},"content":{"rendered":"\n<p>Wenn Sie bisher noch wenig Erfahrungen mit dem Deuten von Horoskopen haben, m\u00f6chten wir Ihnen gerne ein paar Tips geben. F\u00fcr eine erste Analyse der Pers\u00f6nlichkeit sind vor allem&nbsp;<strong>die Sonne, der Aszendent und der Mond&nbsp;<\/strong>von gro\u00dfer Bedeutung.&nbsp;<\/p>\n\n\n\n<figure class=\"wp-block-image aligncenter size-full\"><img loading=\"lazy\" decoding=\"async\" width=\"300\" height=\"300\" src=\"http:\/\/www.astro.cortesi.ch\/wp-content\/uploads\/2023\/02\/wi_hor_lesen.gif\" alt=\"\" class=\"wp-image-522\"\/><\/figure>\n\n\n\n<p><strong>1. Am wichtigsten ist das Sonnenzeichen:<\/strong><br>Die Sonne ist das zentrale Gestirn unseres Sonnensystems und symbolisiert dementsprechend auch in der Astrologie den zentralen Wesenskern der Pers\u00f6nlichkeit. Die Stellung der Sonne im Geburtsbild sagt etwas aus \u00fcber Ihr Ich, Ihren Willen und \u00fcber die Art und Weise, wie Sie Ihr Leben gestalten. Sie steht f\u00fcr Eigenschaften, die Sie vermutlich gut an sich kennen und mit denen Sie sich bewu\u00dft identifizieren<br><a href=\"http:\/\/www.astro.cortesi.ch\/index.php\/die-sonne\/\" data-type=\"page\" data-id=\"421\">mehr \u00fcber die Bedeutung der Sonne<\/a><\/p>\n\n\n\n<p><strong>2. Fast genauso wichtig ist der Aszendent (AC):<\/strong><br>Der Aszendent gibt dar\u00fcber Aufschlu\u00df, wie die Person von anderen gesehen wird. Er symbolisiert das &#8222;Schaufenster&#8220; oder die &#8222;Maske&#8220; Ihrer Pers\u00f6nlichkeit, das hei\u00dft die Eigenschaften, die Sie prim\u00e4r nach au\u00dfen zeigen und ein anderer zuerst an Ihnen wahrnimmt.<\/p>\n\n\n\n<p>Der Aszendent ist das Tierkreiszeichen, das zum Zeitpunkt der Geburt im Osten am Horizont aufgeht. Da sich die Erde in 24 Stunden einmal um sich selbst dreht, steht jedes Tierkreiszeichen im Durchschnitt 2 Stunden an diesem Punkt. Der Aszendent befindet sich in Ihrem Horoskop immer links, auf &#8222;9-Uhr-Position&#8220;.<br><a href=\"http:\/\/www.astro.cortesi.ch\/index.php\/astrologisches\/der-aszendent\/\" data-type=\"page\" data-id=\"361\">mehr \u00fcber die Bedeutung des Aszendenten<\/a><\/p>\n\n\n\n<p><strong>3. An dritter Stelle steht der Mond:<\/strong><br>Der Mond symbolisiert Gef\u00fchle und Emotionen, er steht f\u00fcr Phantasie und f\u00fcr die seelische Grundstimmung eines Menschen. Der Mond beschreibt den Teil in uns, der gem\u00e4\u00df seinen Gef\u00fchlen leben m\u00f6chte und spontan nach Lust und Unlust reagiert. Wir k\u00f6nnen uns diesen Teil wie ein kleines Kind in uns vorstellen, das geliebt sein will, Bed\u00fcrfnisse und W\u00fcnsche hat und sich auf eine direkte, nat\u00fcrliche Weise auf die Umwelt einl\u00e4\u00dft.<br><a href=\"http:\/\/www.astro.cortesi.ch\/index.php\/der-mond\/\" data-type=\"page\" data-id=\"423\">mehr \u00fcber die Bedeutung des Mondes<\/a><\/p>\n\n\n\n<p>Diese Art der Deutung wird\u00a0<a href=\"http:\/\/www.astro.cortesi.ch\/index.php\/was-ist-psychologische-astrologie\/\" data-type=\"page\" data-id=\"524\">Psychologische Astrologie<\/a> genannt.<\/p>\n","protected":false},"excerpt":{"rendered":"<p>Wenn Sie bisher noch wenig Erfahrungen mit dem Deuten von Horoskopen haben, m\u00f6chten wir Ihnen gerne ein paar Tips geben. F\u00fcr eine erste Analyse der Pers\u00f6nlichkeit sind vor allem&nbsp;die Sonne, der Aszendent und der Mond&nbsp;von gro\u00dfer Bedeutung.&nbsp; 1. Am wichtigsten ist das Sonnenzeichen:Die Sonne ist das zentrale Gestirn unseres Sonnensystems und symbolisiert dementsprechend auch in [&hellip;]<\/p>\n","protected":false},"author":1,"featured_media":0,"parent":0,"menu_order":0,"comment_status":"closed","ping_status":"closed","template":"","meta":{"footnotes":""},"class_list":["post-521","page","type-page","status-publish","hentry"],"_links":{"self":[{"href":"http:\/\/www.astro.cortesi.ch\/index.php\/wp-json\/wp\/v2\/pages\/521","targetHints":{"allow":["GET"]}}],"collection":[{"href":"http:\/\/www.astro.cortesi.ch\/index.php\/wp-json\/wp\/v2\/pages"}],"about":[{"href":"http:\/\/www.astro.cortesi.ch\/index.php\/wp-json\/wp\/v2\/types\/page"}],"author":[{"embeddable":true,"href":"http:\/\/www.astro.cortesi.ch\/index.php\/wp-json\/wp\/v2\/users\/1"}],"replies":[{"embeddable":true,"href":"http:\/\/www.astro.cortesi.ch\/index.php\/wp-json\/wp\/v2\/comments?post=521"}],"version-history":[{"count":3,"href":"http:\/\/www.astro.cortesi.ch\/index.php\/wp-json\/wp\/v2\/pages\/521\/revisions"}],"predecessor-version":[{"id":631,"href":"http:\/\/www.astro.cortesi.ch\/index.php\/wp-json\/wp\/v2\/pages\/521\/revisions\/631"}],"wp:attachment":[{"href":"http:\/\/www.astro.cortesi.ch\/index.php\/wp-json\/wp\/v2\/media?parent=521"}],"curies":[{"name":"wp","href":"https:\/\/api.w.org\/{rel}","templated":true}]}}