{"id":524,"date":"2023-02-26T08:43:44","date_gmt":"2023-02-26T07:43:44","guid":{"rendered":"http:\/\/www.astro.cortesi.ch\/?page_id=524"},"modified":"2023-03-01T08:13:24","modified_gmt":"2023-03-01T07:13:24","slug":"was-ist-psychologische-astrologie","status":"publish","type":"page","link":"http:\/\/www.astro.cortesi.ch\/index.php\/was-ist-psychologische-astrologie\/","title":{"rendered":"Was ist psychologische Astrologie?"},"content":{"rendered":"\n<p>Die psychologische Astrologie beschreibt individuelle Charakteranlagen, Verhaltensmuster und Entwicklungsprozesse von Menschen, indem sie mit Hilfe der Astrologie aus einer gro\u00dfen Auswahl von psychologischen Konzepten die f\u00fcr das einzelne Individuum zutreffendsten ausw\u00e4hlt.<\/p>\n\n\n\n<p>Astrologie ordnet Begriffe in ein System ein. Alles, was existiert, Menschen, Dinge, Verhaltensmuster, Situationen usw. l\u00e4\u00dft sich in astrologische Symbole \u00fcbersetzen. Zum Beispiel werden so unterschiedliche Begriffe wie Mann, Durchsetzung, Aggression, Tatkraft, Auto, rote Farbe, Sohn, K\u00f6rperkraft, Energie und vieles mehr dem archetypischen Prinzip \u201eMars&#8220; zugeordnet.<\/p>\n\n\n\n<p>Die psychologische Astrologie interessiert sich nur f\u00fcr diejenigen Mars-Begriffe, die menschliches Verhalten beschreiben, also hier f\u00fcr Durchsetzung, Aggression und Tatkraft.<\/p>\n\n\n\n<p>Die Stellung des Planeten Mars im Geburtshoroskop erm\u00f6glicht Aussagen \u00fcber die Art der Durchsetzung einer Person, z.B. auf direkte oder auf diplomatische Weise.<\/p>\n\n\n\n<p>Der n\u00e4chste Schritt ist die Frage, wie sich eine direkte, bzw. diplomatische Durchsetzung im Leben eines Menschen auswirkt. Dies ist kein astrologisches, sondern ein psychologisches Thema. Psychologische Modelle beschreiben Verhaltensmuster des Menschen als dynamische Entwicklungsprozesse. Ein Mensch, der sich r\u00fccksichtslos durchsetzt, erntet in der Regel Ablehnung und Kritik. Diese Ablehnung und Kritik kann ihn dazu bewegen, seine rohe Kraft zu verfeinern und zu lernen, seinen Tatendrang in sinnvolle Bahnen zu lenken. Er durchl\u00e4uft somit einen psychologischen Entwicklungsprozess.<\/p>\n\n\n\n<p><a href=\"http:\/\/www.astro.cortesi.ch\/index.php\/welche-horoskope-gibt-es\/\" data-type=\"page\" data-id=\"526\">Verschiedene Horoskope<\/a><\/p>\n","protected":false},"excerpt":{"rendered":"<p>Die psychologische Astrologie beschreibt individuelle Charakteranlagen, Verhaltensmuster und Entwicklungsprozesse von Menschen, indem sie mit Hilfe der Astrologie aus einer gro\u00dfen Auswahl von psychologischen Konzepten die f\u00fcr das einzelne Individuum zutreffendsten ausw\u00e4hlt. Astrologie ordnet Begriffe in ein System ein. Alles, was existiert, Menschen, Dinge, Verhaltensmuster, Situationen usw. l\u00e4\u00dft sich in astrologische Symbole \u00fcbersetzen. Zum Beispiel werden [&hellip;]<\/p>\n","protected":false},"author":1,"featured_media":0,"parent":0,"menu_order":0,"comment_status":"closed","ping_status":"closed","template":"","meta":{"footnotes":""},"class_list":["post-524","page","type-page","status-publish","hentry"],"_links":{"self":[{"href":"http:\/\/www.astro.cortesi.ch\/index.php\/wp-json\/wp\/v2\/pages\/524","targetHints":{"allow":["GET"]}}],"collection":[{"href":"http:\/\/www.astro.cortesi.ch\/index.php\/wp-json\/wp\/v2\/pages"}],"about":[{"href":"http:\/\/www.astro.cortesi.ch\/index.php\/wp-json\/wp\/v2\/types\/page"}],"author":[{"embeddable":true,"href":"http:\/\/www.astro.cortesi.ch\/index.php\/wp-json\/wp\/v2\/users\/1"}],"replies":[{"embeddable":true,"href":"http:\/\/www.astro.cortesi.ch\/index.php\/wp-json\/wp\/v2\/comments?post=524"}],"version-history":[{"count":3,"href":"http:\/\/www.astro.cortesi.ch\/index.php\/wp-json\/wp\/v2\/pages\/524\/revisions"}],"predecessor-version":[{"id":633,"href":"http:\/\/www.astro.cortesi.ch\/index.php\/wp-json\/wp\/v2\/pages\/524\/revisions\/633"}],"wp:attachment":[{"href":"http:\/\/www.astro.cortesi.ch\/index.php\/wp-json\/wp\/v2\/media?parent=524"}],"curies":[{"name":"wp","href":"https:\/\/api.w.org\/{rel}","templated":true}]}}