{"id":541,"date":"2023-02-27T08:46:09","date_gmt":"2023-02-27T07:46:09","guid":{"rendered":"http:\/\/www.astro.cortesi.ch\/?page_id=541"},"modified":"2023-03-01T08:28:02","modified_gmt":"2023-03-01T07:28:02","slug":"geschichte-der-astrologie","status":"publish","type":"page","link":"http:\/\/www.astro.cortesi.ch\/index.php\/geschichte-der-astrologie\/","title":{"rendered":"Geschichte der Astrologie"},"content":{"rendered":"\n<p>Seit Tausenden von Jahren beobachten Menschen den Lauf der Gestirne, insbesondere der Sonne und des Mondes. Wichtige Fixpunkte im Jahreszyklus der Sonne sind die Tag-und-Nacht-Gleiche (Fr\u00fchlings- und Herbstbeginn) sowie Sonnenh\u00f6chst- und tiefststand (Sommer und Winterbeginn).<\/p>\n\n\n\n<p>Man sah, da\u00df sich die Sonne vor dem Hintergrund des Sternenhimmels im Laufe des Jahres bewegt (Es handelt sich um eine scheinbare Bewegung, hervorgerufen durch die Erde, die einer Umlaufbahn um die Sonne folgt). Diese j\u00e4hrliche Bewegung der Sonne teilte man in zw\u00f6lf Abschnitte, die zw\u00f6lf Tierkreiszeichen ein.<\/p>\n\n\n\n<p>Hipparch, ein bekannter Astronom zur Zeit der Griechen legte 125 v.Chr. den Fr\u00fchlingspunkt als 0\u00b0 Widder fest. Damals fiel das Sternbild des Widder mit 0\u00b0 Widder auf dem Tierkreis zusammen. Sternbild und Tierkreiszeichen waren praktisch identisch. Heute hat sich dieser Punkt infolge der\u00a0<a href=\"http:\/\/www.astro.cortesi.ch\/index.php\/die-praezession-und-das-wassermannzeitalter\/\" data-type=\"page\" data-id=\"539\">Pr\u00e4zession\u00a0<\/a>der Erdachse verschoben. Der Fr\u00fchlingspunkt befindet sich heute zwischen den Sternbildern Fische und Wassermann. Man spricht deshalb auch vom \u00dcbergang des Fischezeitalters ins\u00a0<a href=\"http:\/\/www.astro.cortesi.ch\/index.php\/die-praezession-und-das-wassermannzeitalter\/\" data-type=\"page\" data-id=\"539\">Wassermannzeitalter<\/a>.<\/p>\n","protected":false},"excerpt":{"rendered":"<p>Seit Tausenden von Jahren beobachten Menschen den Lauf der Gestirne, insbesondere der Sonne und des Mondes. Wichtige Fixpunkte im Jahreszyklus der Sonne sind die Tag-und-Nacht-Gleiche (Fr\u00fchlings- und Herbstbeginn) sowie Sonnenh\u00f6chst- und tiefststand (Sommer und Winterbeginn). Man sah, da\u00df sich die Sonne vor dem Hintergrund des Sternenhimmels im Laufe des Jahres bewegt (Es handelt sich um [&hellip;]<\/p>\n","protected":false},"author":1,"featured_media":0,"parent":0,"menu_order":0,"comment_status":"closed","ping_status":"closed","template":"","meta":{"footnotes":""},"class_list":["post-541","page","type-page","status-publish","hentry"],"_links":{"self":[{"href":"http:\/\/www.astro.cortesi.ch\/index.php\/wp-json\/wp\/v2\/pages\/541","targetHints":{"allow":["GET"]}}],"collection":[{"href":"http:\/\/www.astro.cortesi.ch\/index.php\/wp-json\/wp\/v2\/pages"}],"about":[{"href":"http:\/\/www.astro.cortesi.ch\/index.php\/wp-json\/wp\/v2\/types\/page"}],"author":[{"embeddable":true,"href":"http:\/\/www.astro.cortesi.ch\/index.php\/wp-json\/wp\/v2\/users\/1"}],"replies":[{"embeddable":true,"href":"http:\/\/www.astro.cortesi.ch\/index.php\/wp-json\/wp\/v2\/comments?post=541"}],"version-history":[{"count":3,"href":"http:\/\/www.astro.cortesi.ch\/index.php\/wp-json\/wp\/v2\/pages\/541\/revisions"}],"predecessor-version":[{"id":641,"href":"http:\/\/www.astro.cortesi.ch\/index.php\/wp-json\/wp\/v2\/pages\/541\/revisions\/641"}],"wp:attachment":[{"href":"http:\/\/www.astro.cortesi.ch\/index.php\/wp-json\/wp\/v2\/media?parent=541"}],"curies":[{"name":"wp","href":"https:\/\/api.w.org\/{rel}","templated":true}]}}