{"id":57,"date":"2022-12-19T09:50:41","date_gmt":"2022-12-19T08:50:41","guid":{"rendered":"http:\/\/www.astro.cortesi.ch\/?page_id=57"},"modified":"2023-01-27T09:12:21","modified_gmt":"2023-01-27T08:12:21","slug":"fernlehrgang","status":"publish","type":"page","link":"http:\/\/www.astro.cortesi.ch\/index.php\/fernlehrgang\/","title":{"rendered":"Fernlehrgang"},"content":{"rendered":"\n<h4 class=\"wp-block-heading\">Psychologische Astrologie<\/h4>\n\n\n\n<p>Wenn Sie Astrologie von Grund auf lernen und sich selbst und andere besser verstehen m\u00f6chten, dann f\u00fchrt Sie der Fernlehrgang f\u00fcr Psychologische Astrologie Schritt f\u00fcr Schritt in die Kunst der Horoskop-Interpretation ein.<\/p>\n\n\n\n<p>In 15 Lehrheften von je 50-90 Seiten\u00a0(PDF)\u00a0lernen Sie die faszinierende Sprache der Astrologie. \u00dcbungen helfen Ihnen, den Lernstoff zu festigen. Zu jedem Lehrheft l\u00f6sen Sie schriftlich Aufgaben, die Sie einsenden und mit ausf\u00fchrlichen Korrekturen zur\u00fcck erhalten. Diese pers\u00f6nliche Betreuung gew\u00e4hrleistet einen optimalen Lernerfolg.<\/p>\n\n\n\n<div style=\"height:10px\" aria-hidden=\"true\" class=\"wp-block-spacer\"><\/div>\n\n\n\n<p><\/p>\n\n\n\n<div class=\"wp-block-buttons is-content-justification-center is-layout-flex wp-container-core-buttons-is-layout-a89b3969 wp-block-buttons-is-layout-flex\">\n<div class=\"wp-block-button\"><a class=\"wp-block-button__link has-foreground-color has-luminous-vivid-amber-background-color has-text-color has-background wp-element-button\" href=\"http:\/\/www.astro.cortesi.ch\/wp-content\/uploads\/2023\/01\/Astrologie_Fernkurs_Info.pdf\">Info &amp; Inhalt<\/a><\/div>\n\n\n\n<div class=\"wp-block-button\"><a class=\"wp-block-button__link has-foreground-color has-luminous-vivid-amber-background-color has-text-color has-background wp-element-button\" href=\"http:\/\/www.astro.cortesi.ch\/index.php\/fernlehrgang-anmeldung\/\">Anmelden<\/a><\/div>\n<\/div>\n","protected":false},"excerpt":{"rendered":"<p>Psychologische Astrologie Wenn Sie Astrologie von Grund auf lernen und sich selbst und andere besser verstehen m\u00f6chten, dann f\u00fchrt Sie der Fernlehrgang f\u00fcr Psychologische Astrologie Schritt f\u00fcr Schritt in die Kunst der Horoskop-Interpretation ein. In 15 Lehrheften von je 50-90 Seiten\u00a0(PDF)\u00a0lernen Sie die faszinierende Sprache der Astrologie. \u00dcbungen helfen Ihnen, den Lernstoff zu festigen. Zu [&hellip;]<\/p>\n","protected":false},"author":1,"featured_media":0,"parent":0,"menu_order":0,"comment_status":"closed","ping_status":"closed","template":"","meta":{"footnotes":""},"class_list":["post-57","page","type-page","status-publish","hentry"],"_links":{"self":[{"href":"http:\/\/www.astro.cortesi.ch\/index.php\/wp-json\/wp\/v2\/pages\/57","targetHints":{"allow":["GET"]}}],"collection":[{"href":"http:\/\/www.astro.cortesi.ch\/index.php\/wp-json\/wp\/v2\/pages"}],"about":[{"href":"http:\/\/www.astro.cortesi.ch\/index.php\/wp-json\/wp\/v2\/types\/page"}],"author":[{"embeddable":true,"href":"http:\/\/www.astro.cortesi.ch\/index.php\/wp-json\/wp\/v2\/users\/1"}],"replies":[{"embeddable":true,"href":"http:\/\/www.astro.cortesi.ch\/index.php\/wp-json\/wp\/v2\/comments?post=57"}],"version-history":[{"count":2,"href":"http:\/\/www.astro.cortesi.ch\/index.php\/wp-json\/wp\/v2\/pages\/57\/revisions"}],"predecessor-version":[{"id":188,"href":"http:\/\/www.astro.cortesi.ch\/index.php\/wp-json\/wp\/v2\/pages\/57\/revisions\/188"}],"wp:attachment":[{"href":"http:\/\/www.astro.cortesi.ch\/index.php\/wp-json\/wp\/v2\/media?parent=57"}],"curies":[{"name":"wp","href":"https:\/\/api.w.org\/{rel}","templated":true}]}}